{"id":102,"date":"2015-09-30T13:14:57","date_gmt":"2015-09-30T13:14:57","guid":{"rendered":"http:\/\/fuse.europadns.net\/?page_id=102"},"modified":"2017-09-08T14:02:01","modified_gmt":"2017-09-08T14:02:01","slug":"about","status":"publish","type":"page","link":"https:\/\/drtmoldes.com\/de\/about\/","title":{"rendered":"\u00dcber"},"content":{"rendered":"<p>[vc_row content_placement=&#8220;middle&#8220; css=&#8220;.vc_custom_1468926547340{margin-bottom: 80px !important;}&#8220;][vc_column width=&#8220;1\/2&#8243;][vc_single_image image=&#8220;854&#8243; img_size=&#8220;full&#8220; alignment=&#8220;center&#8220;][\/vc_column][vc_column width=&#8220;1\/2&#8243;][vc_row_inner content_placement=&#8220;middle&#8220;][vc_column_inner][vc_column_text]<\/p>\n<p class=\"p1\"><span class=\"s1\"><strong>Seit der Gr\u00fcndung im Jahr 1994 ist DRT<\/strong> eine Referenz als Werkzeugbauer f\u00fcr Spritzgie\u00dfformen f\u00fcr Kunststoff bis zu einer Gr\u00f6\u00dfe von 25 To.<\/span><\/p>\n<p class=\"p1\"><span class=\"s1\">Bedingt durch unseren Hauptfokus zur Automobilindustrie, erf\u00fcllt DRT alle Normen und Anforderungen der Branche und ist damit der ideale Partner, f\u00fcr die Entwicklung als auch zur Herstellung eines qualitativen Endproduktes.<\/span><\/p>\n<p>[\/vc_column_text][\/vc_column_inner][\/vc_row_inner][\/vc_column][\/vc_row][vc_row css=&#8220;.vc_custom_1472729989121{margin-top: 80px !important;margin-bottom: 80px !important;}&#8220;][vc_column width=&#8220;1\/3&#8243; css=&#8220;.vc_custom_1472806744428{margin-bottom: 40px !important;}&#8220;][vc_column_text]<\/p>\n<h3 style=\"text-align: left;\"><span style=\"color: #a90f3d;\"> MISSION <\/span><\/h3>\n<hr style=\"margin-top: 4px;\" \/>\n<p style=\"text-align: left;\">DRT existiert um exzellente L\u00f6sungen und Herstellungswege, im Bereich der Produktentwicklung sowie auch der Kunststoffspritzgie\u00dfwerkzeuge zu entwickeln, unterst\u00fctzt durch zus\u00e4tzliche Dienstleistungen mit hohem Mehrwert.<\/p>\n<p>[\/vc_column_text][\/vc_column][vc_column width=&#8220;1\/3&#8243; css=&#8220;.vc_custom_1472806750117{margin-bottom: 40px !important;}&#8220;][vc_column_text]<\/p>\n<h3 style=\"text-align: left;\"><span style=\"color: #a90f3d;\"> VISION <\/span><\/h3>\n<hr style=\"margin-top: 4px;\" \/>\n<p style=\"text-align: left;\">DRT m\u00f6chte als Referenzpartner auf den t\u00e4tigen M\u00e4rkten anerkannt werden. Durch eine Qualit\u00e4tskultur und Innovationen basierend auf Wissen und Erfahrung, soll ein Mehrwert von jedem Projekt erreicht werden.<\/p>\n<p>[\/vc_column_text][\/vc_column][vc_column width=&#8220;1\/3&#8243;][vc_column_text]<\/p>\n<h3 style=\"text-align: left;\"><span style=\"color: #a90f3d;\"> WERTE <\/span><\/h3>\n<hr style=\"margin-top: 4px;\" \/>\n<p style=\"text-align: left;\"><strong> KUNDENORIENTIERUNG<br \/>\n<\/strong> Sinn f\u00fcr Engagement und Zufriedenheit;<br \/>\n<strong> GENAUIGKEIT<br \/>\n<\/strong> Genaue Umsetzung und kontinuierliche Verbesserung;<br \/>\n<strong> INTERNE UND EXTERNE ZUSAMMENARBEIT<br \/>\n<\/strong> Durch Teamarbeit;<br \/>\n<strong> WERTSCH\u00d6PFUNG<br \/>\n<\/strong> Durch Fokus auf die Resultate.<\/p>\n<p>[\/vc_column_text][\/vc_column][\/vc_row]<\/p>","protected":false},"excerpt":{"rendered":"<p>[vc_row content_placement=&#8220;middle&#8220; css=&#8220;.vc_custom_1468926547340{margin-bottom: 80px !important;}&#8220;][vc_column width=&#8220;1\/2&#8243;][vc_single_image image=&#8220;854&#8243; img_size=&#8220;full&#8220; alignment=&#8220;center&#8220;][\/vc_column][vc_column width=&#8220;1\/2&#8243;][vc_row_inner content_placement=&#8220;middle&#8220;][vc_column_inner][vc_column_text] Seit der Gr\u00fcndung im Jahr 1994 ist DRT eine Referenz als Werkzeugbauer f\u00fcr Spritzgie\u00dfformen f\u00fcr Kunststoff bis zu einer Gr\u00f6\u00dfe von 25 To. Bedingt durch unseren Hauptfokus zur Automobilindustrie, erf\u00fcllt DRT alle Normen und Anforderungen der Branche und ist damit der ideale Partner, f\u00fcr&#8230;<\/p>\n","protected":false},"author":1,"featured_media":0,"parent":0,"menu_order":0,"comment_status":"closed","ping_status":"closed","template":"","meta":{"_mi_skip_tracking":false,"footnotes":""},"class_list":["post-102","page","type-page","status-publish","hentry"],"yoast_head":"<!-- This site is optimized with the Yoast SEO plugin v20.3 - https:\/\/yoast.com\/wordpress\/plugins\/seo\/ -->\n<title>\u00dcber - DRTMoulds<\/title>\n<meta name=\"robots\" content=\"index, follow, max-snippet:-1, max-image-preview:large, max-video-preview:-1\" \/>\n<link rel=\"canonical\" href=\"https:\/\/drtmoldes.com\/en\/about\/\" \/>\n<meta property=\"og:locale\" content=\"de_DE\" \/>\n<meta property=\"og:type\" content=\"article\" \/>\n<meta property=\"og:title\" content=\"[:pt]About[:en]About Us[:es]About us 1[:de]\u00dcber[:] - DRTMoulds\" \/>\n<meta property=\"og:description\" content=\"[vc_row content_placement=&#8220;middle&#8220; css=&#8220;.vc_custom_1468926547340{margin-bottom: 80px !important;}&#8220;][vc_column width=&#8220;1\/2&#8243;][vc_single_image image=&#8220;854&#8243; img_size=&#8220;full&#8220; alignment=&#8220;center&#8220;][\/vc_column][vc_column width=&#8220;1\/2&#8243;][vc_row_inner content_placement=&#8220;middle&#8220;][vc_column_inner][vc_column_text] Seit der Gr\u00fcndung im Jahr 1994 ist DRT eine Referenz als Werkzeugbauer f\u00fcr Spritzgie\u00dfformen f\u00fcr Kunststoff bis zu einer Gr\u00f6\u00dfe von 25 To. Bedingt durch unseren Hauptfokus zur Automobilindustrie, erf\u00fcllt DRT alle Normen und Anforderungen der Branche und ist damit der ideale Partner, f\u00fcr...\" \/>\n<meta property=\"og:url\" content=\"https:\/\/drtmoldes.com\/en\/about\/\" \/>\n<meta property=\"og:site_name\" content=\"DRTMoulds\" \/>\n<meta property=\"article:modified_time\" content=\"2017-09-08T14:02:01+00:00\" \/>\n<meta name=\"twitter:card\" content=\"summary_large_image\" \/>\n<meta name=\"twitter:label1\" content=\"Gesch\u00e4tzte Lesezeit\" \/>\n\t<meta name=\"twitter:data1\" content=\"7\u00a0Minuten\" \/>\n<script type=\"application\/ld+json\" class=\"yoast-schema-graph\">{\"@context\":\"https:\/\/schema.org\",\"@graph\":[{\"@type\":\"WebPage\",\"@id\":\"https:\/\/drtmoldes.com\/en\/about\/\",\"url\":\"https:\/\/drtmoldes.com\/en\/about\/\",\"name\":\"[:pt]About[:en]About Us[:es]About us 1[:de]\u00dcber[:] - DRTMoulds\",\"isPartOf\":{\"@id\":\"https:\/\/drtmoldes.com\/en\/#website\"},\"datePublished\":\"2015-09-30T13:14:57+00:00\",\"dateModified\":\"2017-09-08T14:02:01+00:00\",\"breadcrumb\":{\"@id\":\"https:\/\/drtmoldes.com\/en\/about\/#breadcrumb\"},\"inLanguage\":\"de\",\"potentialAction\":[{\"@type\":\"ReadAction\",\"target\":[\"https:\/\/drtmoldes.com\/en\/about\/\"]}]},{\"@type\":\"BreadcrumbList\",\"@id\":\"https:\/\/drtmoldes.com\/en\/about\/#breadcrumb\",\"itemListElement\":[{\"@type\":\"ListItem\",\"position\":1,\"name\":\"In\u00edcio\",\"item\":\"https:\/\/drtmoldes.com\/en\/\"},{\"@type\":\"ListItem\",\"position\":2,\"name\":\"About Us\"}]},{\"@type\":\"WebSite\",\"@id\":\"https:\/\/drtmoldes.com\/en\/#website\",\"url\":\"https:\/\/drtmoldes.com\/en\/\",\"name\":\"DRTMoulds\",\"description\":\"Great things are made together\",\"potentialAction\":[{\"@type\":\"SearchAction\",\"target\":{\"@type\":\"EntryPoint\",\"urlTemplate\":\"https:\/\/drtmoldes.com\/en\/?s={search_term_string}\"},\"query-input\":\"required name=search_term_string\"}],\"inLanguage\":\"de\"}]}<\/script>\n<!-- \/ Yoast SEO plugin. -->","yoast_head_json":{"title":"[:pt]About[:en]About Us[:es]About us 1[:de]\u00dcber[:] - DRTMoulds","robots":{"index":"index","follow":"follow","max-snippet":"max-snippet:-1","max-image-preview":"max-image-preview:large","max-video-preview":"max-video-preview:-1"},"canonical":"https:\/\/drtmoldes.com\/en\/about\/","og_locale":"de_DE","og_type":"article","og_title":"[:pt]About[:en]About Us[:es]About us 1[:de]\u00dcber[:] - DRTMoulds","og_description":"[vc_row content_placement=&#8220;middle&#8220; css=&#8220;.vc_custom_1468926547340{margin-bottom: 80px !important;}&#8220;][vc_column width=&#8220;1\/2&#8243;][vc_single_image image=&#8220;854&#8243; img_size=&#8220;full&#8220; alignment=&#8220;center&#8220;][\/vc_column][vc_column width=&#8220;1\/2&#8243;][vc_row_inner content_placement=&#8220;middle&#8220;][vc_column_inner][vc_column_text] Seit der Gr\u00fcndung im Jahr 1994 ist DRT eine Referenz als Werkzeugbauer f\u00fcr Spritzgie\u00dfformen f\u00fcr Kunststoff bis zu einer Gr\u00f6\u00dfe von 25 To. Bedingt durch unseren Hauptfokus zur Automobilindustrie, erf\u00fcllt DRT alle Normen und Anforderungen der Branche und ist damit der ideale Partner, f\u00fcr...","og_url":"https:\/\/drtmoldes.com\/en\/about\/","og_site_name":"DRTMoulds","article_modified_time":"2017-09-08T14:02:01+00:00","twitter_card":"summary_large_image","twitter_misc":{"Gesch\u00e4tzte Lesezeit":"7\u00a0Minuten"},"schema":{"@context":"https:\/\/schema.org","@graph":[{"@type":"WebPage","@id":"https:\/\/drtmoldes.com\/en\/about\/","url":"https:\/\/drtmoldes.com\/en\/about\/","name":"[:pt]About[:en]About Us[:es]About us 1[:de]\u00dcber[:] - DRTMoulds","isPartOf":{"@id":"https:\/\/drtmoldes.com\/en\/#website"},"datePublished":"2015-09-30T13:14:57+00:00","dateModified":"2017-09-08T14:02:01+00:00","breadcrumb":{"@id":"https:\/\/drtmoldes.com\/en\/about\/#breadcrumb"},"inLanguage":"de","potentialAction":[{"@type":"ReadAction","target":["https:\/\/drtmoldes.com\/en\/about\/"]}]},{"@type":"BreadcrumbList","@id":"https:\/\/drtmoldes.com\/en\/about\/#breadcrumb","itemListElement":[{"@type":"ListItem","position":1,"name":"In\u00edcio","item":"https:\/\/drtmoldes.com\/en\/"},{"@type":"ListItem","position":2,"name":"About Us"}]},{"@type":"WebSite","@id":"https:\/\/drtmoldes.com\/en\/#website","url":"https:\/\/drtmoldes.com\/en\/","name":"DRTMoulds","description":"Great things are made together","potentialAction":[{"@type":"SearchAction","target":{"@type":"EntryPoint","urlTemplate":"https:\/\/drtmoldes.com\/en\/?s={search_term_string}"},"query-input":"required name=search_term_string"}],"inLanguage":"de"}]}},"_links":{"self":[{"href":"https:\/\/drtmoldes.com\/de\/wp-json\/wp\/v2\/pages\/102","targetHints":{"allow":["GET"]}}],"collection":[{"href":"https:\/\/drtmoldes.com\/de\/wp-json\/wp\/v2\/pages"}],"about":[{"href":"https:\/\/drtmoldes.com\/de\/wp-json\/wp\/v2\/types\/page"}],"author":[{"embeddable":true,"href":"https:\/\/drtmoldes.com\/de\/wp-json\/wp\/v2\/users\/1"}],"replies":[{"embeddable":true,"href":"https:\/\/drtmoldes.com\/de\/wp-json\/wp\/v2\/comments?post=102"}],"version-history":[{"count":74,"href":"https:\/\/drtmoldes.com\/de\/wp-json\/wp\/v2\/pages\/102\/revisions"}],"predecessor-version":[{"id":1278,"href":"https:\/\/drtmoldes.com\/de\/wp-json\/wp\/v2\/pages\/102\/revisions\/1278"}],"wp:attachment":[{"href":"https:\/\/drtmoldes.com\/de\/wp-json\/wp\/v2\/media?parent=102"}],"curies":[{"name":"wp","href":"https:\/\/api.w.org\/{rel}","templated":true}]}}