{"id":83,"date":"2015-09-30T10:41:55","date_gmt":"2015-09-30T10:41:55","guid":{"rendered":"http:\/\/fuse.europadns.net\/?page_id=83"},"modified":"2019-11-21T09:44:25","modified_gmt":"2019-11-21T09:44:25","slug":"news","status":"publish","type":"page","link":"https:\/\/drtmoldes.com\/de\/news\/","title":{"rendered":"News"},"content":{"rendered":"<p>[vc_row css=&#8220;.vc_custom_1473425071958{margin-top: 40px !important;}&#8220;][vc_column][vc_empty_space height=&#8220;80px&#8220;]<div><div class='span4'><div class='post format-standard'><div class='post-thumbnail'><img src='https:\/\/drtmoldes.com\/wp-content\/uploads\/2020\/07\/DRT-noticia-visita-ministro-economia-pedro-siza-vieira-360x215.jpg' alt=''><\/div><div class='post-header'><h4 class='post-title'>\r\n\t<a rel='bookmark' href='https:\/\/drtmoldes.com\/de\/noticia-visita-ministro-economia\/'>Dr. Pedro Siza Vieira Visit the facilities of DRT Group<\/a><\/h4><span class='posted-on'>Juli 9, 2020<\/span>\r\n\t<\/div><div class='post-content'><p>Visit of Dr. Pedro Siza Vieira, Minister of State, Economy and Digital Transition, to the facilities of the DRT group, on 8 July 2020.<\/p>\n<p><a class='more-link btn btn-grey' href='https:\/\/drtmoldes.com\/de\/noticia-visita-ministro-economia\/'>ARTIKEL LESEN<\/a><\/p><\/div><div class='post-footer'><\/div><\/div><\/div><div class='span4'><div class='post format-standard'><div class='post-thumbnail'><img src='https:\/\/drtmoldes.com\/wp-content\/uploads\/2020\/02\/noticia-entrevista-o-molde-drt-valdemar-duarte-min-360x215.jpg' alt=''><\/div><div class='post-header'><h4 class='post-title'>\r\n\t<a rel='bookmark' href='https:\/\/drtmoldes.com\/de\/noticia-entrevista-o-molde\/'>\u201cO Molde\u201d interview<\/a><\/h4><span class='posted-on'>Februar 3, 2020<\/span>\r\n\t<\/div><div class='post-content'><p>Valdemar Duarte, CEO of the DRT Group, explains in an interview for the magazine &#8222;O Molde&#8220;, how he boosted the management of mould making with the incorporation of the SBI software.<\/p>\n<p><a class='more-link btn btn-grey' href='https:\/\/drtmoldes.com\/de\/noticia-entrevista-o-molde\/'>ARTIKEL LESEN<\/a><\/p><\/div><div class='post-footer'><\/div><\/div><\/div><div class='span4'><div class='post format-standard'><div class='post-thumbnail'><img src='https:\/\/drtmoldes.com\/wp-content\/uploads\/2020\/02\/noticia-congresso-industria-dos-moldes-min-360x215.jpg' alt=''><\/div><div class='post-header'><h4 class='post-title'>\r\n\t<a rel='bookmark' href='https:\/\/drtmoldes.com\/de\/noticia-congresso-industria-dos-moldes\/'>X Congress of Moulds Industry 2019<\/a><\/h4><span class='posted-on'>November 30, 2019<\/span>\r\n\t<\/div><div class='post-content'><p>The X Congress for Molds and Plastics Industry allowed us to reflect on the present and prepare the future of a sector that is united and determined to face the main challenges.<\/p>\n<p><a class='more-link btn btn-grey' href='https:\/\/drtmoldes.com\/de\/noticia-congresso-industria-dos-moldes\/'>ARTIKEL LESEN<\/a><\/p><\/div><div class='post-footer'><\/div><\/div><\/div><div class='span4'><div class='post format-standard'><div class='post-thumbnail'><img src='https:\/\/drtmoldes.com\/wp-content\/uploads\/2019\/11\/DRT-melhores-empresas-regiao-de-leiria-min-360x215.jpg' alt=''><\/div><div class='post-header'><h4 class='post-title'>\r\n\t<a rel='bookmark' href='https:\/\/drtmoldes.com\/de\/250-melhores-empresas-leiria\/'>In the ranking for the best in its sector<\/a><\/h4><span class='posted-on'>November 6, 2019<\/span>\r\n\t<\/div><div class='post-content'><p>DRT occupies de 5th place on the top 20 of the biggest export companies from the trade sector in  the region and is in the top 10 of the best companies in the municipality of Leiria.<\/p>\n<p><a class='more-link btn btn-grey' href='https:\/\/drtmoldes.com\/de\/250-melhores-empresas-leiria\/'>ARTIKEL LESEN<\/a><\/p><\/div><div class='post-footer'><\/div><\/div><\/div><div class='span4'><div class='post format-standard'><div class='post-thumbnail'><img src='https:\/\/drtmoldes.com\/wp-content\/uploads\/2019\/11\/open-shop-floor-cotec-drt-01-min-360x215.jpg' alt=''><\/div><div class='post-header'><h4 class='post-title'>\r\n\t<a rel='bookmark' href='https:\/\/drtmoldes.com\/de\/open-shop-floor-na-drt\/'>Open Shop Floor at DRT<\/a><\/h4><span class='posted-on'>Oktober 24, 2019<\/span>\r\n\t<\/div><div class='post-content'><p>In the past october, 16\u00a0 took place in the DRT installations the Open Shop Floor, an event powered by COTEC Portugal and IAPMEI that integrate the government initiative \u201cIndustry 4.0\u201d. These sessions aim to address the way companies adopt the different concepts of this norm and promote the sharing of experiences among the various entities&#8230;<\/p>\n<p><a class='more-link btn btn-grey' href='https:\/\/drtmoldes.com\/de\/open-shop-floor-na-drt\/'>ARTIKEL LESEN<\/a><\/p><\/div><div class='post-footer'><\/div><\/div><\/div><div class='span4'><div class='post format-standard'><div class='post-thumbnail'><img src='https:\/\/drtmoldes.com\/wp-content\/uploads\/2019\/10\/DRT-Advance-Cotec-SBI-01-min-360x215.jpg' alt=''><\/div><div class='post-header'><h4 class='post-title'>\r\n\t<a rel='bookmark' href='https:\/\/drtmoldes.com\/de\/open-shop-floor-drt-rapid\/'>In the ranking for the best in its sector<\/a><\/h4><span class='posted-on'>Oktober 7, 2019<\/span>\r\n\t<\/div><div class='post-content'><p>The next Open Shop Floor take place at October 16 at DRT Rapid. Registration until October 14th through the form. The audience of the event is limited and registrations are considered in order of arrival. Sign up on: https:\/\/bit.ly\/2OjBYAO &nbsp;<\/p>\n<p><a class='more-link btn btn-grey' href='https:\/\/drtmoldes.com\/de\/open-shop-floor-drt-rapid\/'>ARTIKEL LESEN<\/a><\/p><\/div><div class='post-footer'><\/div><\/div><\/div><div class='span4'><div class='post format-standard'><div class='post-thumbnail'><img src='https:\/\/drtmoldes.com\/wp-content\/uploads\/2019\/01\/250-melhores-Leiria-2-360x215.jpg' alt=''><\/div><div class='post-header'><h4 class='post-title'>\r\n\t<a rel='bookmark' href='https:\/\/drtmoldes.com\/de\/250-melhores-empresas-leiria-2018\/'>DRT Moldes in the 5 best companies of Leiria region<\/a><\/h4><span class='posted-on'>Januar 3, 2019<\/span>\r\n\t<\/div><div class='post-content'><p>2018 was, undoubtedly, an year highlighted by challenges, achievements and wins.<br \/>\nWe ended the last year in the best way! We managed to reach the top 5 companies in the local area.<\/p>\n<p><a class='more-link btn btn-grey' href='https:\/\/drtmoldes.com\/de\/250-melhores-empresas-leiria-2018\/'>ARTIKEL LESEN<\/a><\/p><\/div><div class='post-footer'><\/div><\/div><\/div><div class='span4'><div class='post format-standard'><div class='post-thumbnail'><img src='https:\/\/drtmoldes.com\/wp-content\/uploads\/2018\/07\/Leiria-in-2018-02-360x215.jpg' alt=''><\/div><div class='post-header'><h4 class='post-title'>\r\n\t<a rel='bookmark' href='https:\/\/drtmoldes.com\/de\/leiria-in-quinta-2018\/'>DRT bei der 5. Edition des &#8222;Leiria-In&#8220;<\/a><\/h4><span class='posted-on'>Juli 19, 2018<\/span>\r\n\t<\/div><div class='post-content'><p>Am vergangenen 13. Juli 2018, hat DRT zwei Sch\u00fclergruppen im Rahmen der 5. Edition der &#8222;Academia da Ind\u00fastria, Leiria-In&#8220; empfangen. Der Besuch bei DRT wurde vom Projektmanager Eduardo Ribeiro geleitet, der einen kompletten Prozess durchlief, mit Beginn bei der Kommunikation mit den Kunden, \u00fcber Design, Engineering, Messtechnik bis hin zur Fertigung. Gemeinsam mit den anderen&#8230;<\/p>\n<p><a class='more-link btn btn-grey' href='https:\/\/drtmoldes.com\/de\/leiria-in-quinta-2018\/'>ARTIKEL LESEN<\/a><\/p><\/div><div class='post-footer'><\/div><\/div><\/div><div class='span4'><div class='post format-standard'><div class='post-thumbnail'><img src='https:\/\/drtmoldes.com\/wp-content\/uploads\/2018\/06\/CML-insignia-prata-min-360x215.jpg' alt=''><\/div><div class='post-header'><h4 class='post-title'>\r\n\t<a rel='bookmark' href='https:\/\/drtmoldes.com\/de\/insignia-prata-cml\/'>S\u00f3nia Calado wurde mit dem silbernen Orden der Stadt Leiria ausgezeichnet<\/a><\/h4><span class='posted-on'>Juni 5, 2018<\/span>\r\n\t<\/div><div class='post-content'><p>Am 22. Mai, dem Tag der Stadt, wurden wie auch bereits in den vergangenen Jahre, 12 Pers\u00f6nlichkeiten f\u00fcr ihren Beitrag zur Entwicklung der Stadt Leiria ausgezeichnet. Es war mit gro\u00dfem Stolz und dem Gef\u00fchl des Teilens, dass S\u00f3nia Calado, Gesch\u00e4ftsf\u00fchrerin der DRT Gruppe, den silbernen Orden der Stadt Leiria, f\u00fcr ihren unternehmerischen Charakter und beispielhaften&#8230;<\/p>\n<p><a class='more-link btn btn-grey' href='https:\/\/drtmoldes.com\/de\/insignia-prata-cml\/'>ARTIKEL LESEN<\/a><\/p><\/div><div class='post-footer'><\/div><\/div><\/div><div class='span4'><div class='post format-standard'><div class='post-thumbnail'><img src='https:\/\/drtmoldes.com\/wp-content\/uploads\/2018\/02\/Rotary-CLub-min-360x215.jpg' alt=''><\/div><div class='post-header'><h4 class='post-title'>\r\n\t<a rel='bookmark' href='https:\/\/drtmoldes.com\/de\/drt-rotary-club\/'>Rotary Club besucht DRT<\/a><\/h4><span class='posted-on'>Februar 6, 2018<\/span>\r\n\t<\/div><div class='post-content'><p>Mit gro\u00dfer Zufriedenheit hat DRT Moldes und deren Vorstand Valdemar Duarte und S\u00f3nia Calado, am vergangenen 31. Januar den Besuch des portugiesischen Rotary Clubs empfangen.<\/p>\n<p><a class='more-link btn btn-grey' href='https:\/\/drtmoldes.com\/de\/drt-rotary-club\/'>ARTIKEL LESEN<\/a><\/p><\/div><div class='post-footer'><\/div><\/div><\/div><div class='span4'><div class='post format-standard'><div class='post-thumbnail'><img src='https:\/\/drtmoldes.com\/wp-content\/uploads\/2017\/11\/Exame-360x215.jpg' alt=''><\/div><div class='post-header'><h4 class='post-title'>\r\n\t<a rel='bookmark' href='https:\/\/drtmoldes.com\/de\/drt-100-melhores-empresas-2017\/'>DRT unter den besten 100<\/a><\/h4><span class='posted-on'>Oktober 24, 2017<\/span>\r\n\t<\/div><div class='post-content'><p>DRT wurde von der Zeitschrift &#8222;Exame&#8220; als eines der 100 besten Unternehmen Portugals zum Arbeiten ausgezeichnet. Vielen Dank an alle Mitarbeiter.<\/p>\n<p><a class='more-link btn btn-grey' href='https:\/\/drtmoldes.com\/de\/drt-100-melhores-empresas-2017\/'>ARTIKEL LESEN<\/a><\/p><\/div><div class='post-footer'><\/div><\/div><\/div><div class='span4'><div class='post format-standard'><div class='post-thumbnail'><img src='https:\/\/drtmoldes.com\/wp-content\/uploads\/2017\/06\/DRT_00_-360x215.jpg' alt=''><\/div><div class='post-header'><h4 class='post-title'>\r\n\t<a rel='bookmark' href='https:\/\/drtmoldes.com\/de\/drt-moulding-expo-2017\/'>DRT AUF DER MOULDING EXPO 2017<\/a><\/h4><span class='posted-on'>Juni 2, 2017<\/span>\r\n\t<\/div><div class='post-content'><p>DRT Moulds hat auf der Messe \u201cMoulding Expo\u201d in Stuttgart, zwischen dem 30.Mai und 2. Juni\u00a02017 ausgestellt.<\/p>\n<p><a class='more-link btn btn-grey' href='https:\/\/drtmoldes.com\/de\/drt-moulding-expo-2017\/'>ARTIKEL LESEN<\/a><\/p><\/div><div class='post-footer'><\/div><\/div><\/div><div class='span4'><div class='post format-standard'><div class='post-thumbnail'><img src='https:\/\/drtmoldes.com\/wp-content\/uploads\/2017\/04\/PME-360x215.jpg' alt=''><\/div><div class='post-header'><h4 class='post-title'>\r\n\t<a rel='bookmark' href='https:\/\/drtmoldes.com\/de\/exame-pme-lider\/'>Zeitschrift &#8222;Exame PME L\u00edder&#8220;<\/a><\/h4><span class='posted-on'>April 10, 2017<\/span>\r\n\t<\/div><div class='post-content'><p>DRT Moldes, eines der f\u00fchrenden Unternehmen im Industriesektor, in der Zeitschrift &#8222;Exame PME L\u00edder&#8220;. Ver\u00f6ffentlichung anschauen<\/p>\n<p><a class='more-link btn btn-grey' href='https:\/\/drtmoldes.com\/de\/exame-pme-lider\/'>ARTIKEL LESEN<\/a><\/p><\/div><div class='post-footer'><\/div><\/div><\/div><div class='span4'><div class='post format-standard'><div class='post-thumbnail'><img src='https:\/\/drtmoldes.com\/wp-content\/uploads\/2017\/04\/formacaoVW-360x215.jpg' alt=''><\/div><div class='post-header'><h4 class='post-title'>\r\n\t<a rel='bookmark' href='https:\/\/drtmoldes.com\/de\/drt-fomenta-o-conhecimento\/'>DRT f\u00f6rdert wissen<\/a><\/h4><span class='posted-on'>April 3, 2017<\/span>\r\n\t<\/div><div class='post-content'><p>DRT wurde erneut, durch die KTM-Abteilung des VW-Werkes &#8222;Autoeuropa&#8220;, als idealer Partner zwecks technischer Fortbildung im Bereich &#8222;Fortgeschrittene Werkzeug-Spritztechnik&#8220;, ausgew\u00e4hlt.<\/p>\n<p><a class='more-link btn btn-grey' href='https:\/\/drtmoldes.com\/de\/drt-fomenta-o-conhecimento\/'>ARTIKEL LESEN<\/a><\/p><\/div><div class='post-footer'><\/div><\/div><\/div><div class='span4'><div class='post format-standard'><div class='post-thumbnail'><img src='https:\/\/drtmoldes.com\/wp-content\/uploads\/2015\/09\/AIP-360x215.jpg' alt=''><\/div><div class='post-header'><h4 class='post-title'>\r\n\t<a rel='bookmark' href='https:\/\/drtmoldes.com\/de\/aip-drt\/'>AIP BESUCHT DRT<\/a><\/h4><span class='posted-on'>Oktober 14, 2016<\/span>\r\n\t<\/div><div class='post-content'><p>Mit gro\u00dfer Zufriedenheit hat DRT Moldes und deren Vorstand Valdemar Duarte und S\u00f3nia Calado, am vergangenen 13. Oktober den Besuch des AIP (Portugiesischer Industrieverband) im DRT Werk empfangen.<\/p>\n<p><a class='more-link btn btn-grey' href='https:\/\/drtmoldes.com\/de\/aip-drt\/'>ARTIKEL LESEN<\/a><\/p><\/div><div class='post-footer'><\/div><\/div><\/div><div class='span4'><div class='post format-standard'><div class='post-thumbnail'><img src='https:\/\/drtmoldes.com\/wp-content\/uploads\/2015\/09\/certificado-1-360x215.png' alt=''><\/div><div class='post-header'><h4 class='post-title'>\r\n\t<a rel='bookmark' href='https:\/\/drtmoldes.com\/de\/pme-2015\/'>DRT ERNEUERT DEN STATUS ALS \u201cPME LIDER 2016\u201d<\/a><\/h4><span class='posted-on'>August 18, 2016<\/span>\r\n\t<\/div><div class='post-content'><p>DRT Moldes konnte die Erneuerung des Status zum \u201cPME L\u00edder 2016\u201d erzielen, welches im Zuge des Programs \u201cFINCRESCE\u201d vom IAPMEI vergeben wird und nationale Unternehmen mit \u00fcberlegenen Leistungsprofilen auszeichnet.<\/p>\n<p><a class='more-link btn btn-grey' href='https:\/\/drtmoldes.com\/de\/pme-2015\/'>ARTIKEL LESEN<\/a><\/p><\/div><div class='post-footer'><\/div><\/div><\/div><div class='span4'><div class='post format-standard'><div class='post-thumbnail'><img src='https:\/\/drtmoldes.com\/wp-content\/uploads\/2015\/09\/DRT_01-360x215.jpg' alt=''><\/div><div class='post-header'><h4 class='post-title'>\r\n\t<a rel='bookmark' href='https:\/\/drtmoldes.com\/de\/expo-2015\/'>DRT AUF DER MOULDING EXPO 2015<\/a><\/h4><span class='posted-on'>Mai 10, 2015<\/span>\r\n\t<\/div><div class='post-content'><p>DRT Moulds &amp; Plastics hat auf der Messe \u201cMoulding Expo\u201d in Stuttgart, zwischen dem 5. und 8. Mai 2015 ausgestellt.<\/p>\n<p><a class='more-link btn btn-grey' href='https:\/\/drtmoldes.com\/de\/expo-2015\/'>ARTIKEL LESEN<\/a><\/p><\/div><div class='post-footer'><\/div><\/div><\/div><\/div>[\/vc_column][\/vc_row]<\/p>\n","protected":false},"excerpt":{"rendered":"<p>[vc_row css=&#8220;.vc_custom_1473425071958{margin-top: 40px !important;}&#8220;][vc_column][vc_empty_space height=&#8220;80px&#8220;][\/vc_column][\/vc_row]<\/p>\n","protected":false},"author":1,"featured_media":0,"parent":0,"menu_order":0,"comment_status":"closed","ping_status":"closed","template":"","meta":{"_mi_skip_tracking":false,"footnotes":""},"class_list":["post-83","page","type-page","status-publish","hentry"],"yoast_head":"<!-- This site is optimized with the Yoast SEO plugin v20.3 - https:\/\/yoast.com\/wordpress\/plugins\/seo\/ -->\n<title>News - DRTMoulds<\/title>\n<meta name=\"robots\" content=\"index, follow, max-snippet:-1, max-image-preview:large, max-video-preview:-1\" \/>\n<link rel=\"canonical\" href=\"https:\/\/drtmoldes.com\/ru\/news\/\" \/>\n<meta property=\"og:locale\" content=\"de_DE\" \/>\n<meta property=\"og:type\" content=\"article\" \/>\n<meta property=\"og:title\" content=\"News - DRTMoulds\" \/>\n<meta property=\"og:description\" content=\"[vc_row css=&#8220;.vc_custom_1473425071958{margin-top: 40px !important;}&#8220;][vc_column][vc_empty_space height=&#8220;80px&#8220;][\/vc_column][\/vc_row]\" \/>\n<meta property=\"og:url\" content=\"https:\/\/drtmoldes.com\/ru\/news\/\" \/>\n<meta property=\"og:site_name\" content=\"DRTMoulds\" \/>\n<meta property=\"article:modified_time\" content=\"2019-11-21T09:44:25+00:00\" \/>\n<meta name=\"twitter:card\" content=\"summary_large_image\" \/>\n<script type=\"application\/ld+json\" class=\"yoast-schema-graph\">{\"@context\":\"https:\/\/schema.org\",\"@graph\":[{\"@type\":\"WebPage\",\"@id\":\"https:\/\/drtmoldes.com\/ru\/news\/\",\"url\":\"https:\/\/drtmoldes.com\/ru\/news\/\",\"name\":\"News - DRTMoulds\",\"isPartOf\":{\"@id\":\"https:\/\/drtmoldes.com\/en\/#website\"},\"datePublished\":\"2015-09-30T10:41:55+00:00\",\"dateModified\":\"2019-11-21T09:44:25+00:00\",\"breadcrumb\":{\"@id\":\"https:\/\/drtmoldes.com\/ru\/news\/#breadcrumb\"},\"inLanguage\":\"de\",\"potentialAction\":[{\"@type\":\"ReadAction\",\"target\":[\"https:\/\/drtmoldes.com\/ru\/news\/\"]}]},{\"@type\":\"BreadcrumbList\",\"@id\":\"https:\/\/drtmoldes.com\/ru\/news\/#breadcrumb\",\"itemListElement\":[{\"@type\":\"ListItem\",\"position\":1,\"name\":\"In\u00edcio\",\"item\":\"https:\/\/drtmoldes.com\/en\/\"},{\"@type\":\"ListItem\",\"position\":2,\"name\":\"News\"}]},{\"@type\":\"WebSite\",\"@id\":\"https:\/\/drtmoldes.com\/en\/#website\",\"url\":\"https:\/\/drtmoldes.com\/en\/\",\"name\":\"DRTMoulds\",\"description\":\"Great things are made together\",\"potentialAction\":[{\"@type\":\"SearchAction\",\"target\":{\"@type\":\"EntryPoint\",\"urlTemplate\":\"https:\/\/drtmoldes.com\/en\/?s={search_term_string}\"},\"query-input\":\"required name=search_term_string\"}],\"inLanguage\":\"de\"}]}<\/script>\n<!-- \/ Yoast SEO plugin. -->","yoast_head_json":{"title":"News - DRTMoulds","robots":{"index":"index","follow":"follow","max-snippet":"max-snippet:-1","max-image-preview":"max-image-preview:large","max-video-preview":"max-video-preview:-1"},"canonical":"https:\/\/drtmoldes.com\/ru\/news\/","og_locale":"de_DE","og_type":"article","og_title":"News - DRTMoulds","og_description":"[vc_row css=&#8220;.vc_custom_1473425071958{margin-top: 40px !important;}&#8220;][vc_column][vc_empty_space height=&#8220;80px&#8220;][\/vc_column][\/vc_row]","og_url":"https:\/\/drtmoldes.com\/ru\/news\/","og_site_name":"DRTMoulds","article_modified_time":"2019-11-21T09:44:25+00:00","twitter_card":"summary_large_image","schema":{"@context":"https:\/\/schema.org","@graph":[{"@type":"WebPage","@id":"https:\/\/drtmoldes.com\/ru\/news\/","url":"https:\/\/drtmoldes.com\/ru\/news\/","name":"News - DRTMoulds","isPartOf":{"@id":"https:\/\/drtmoldes.com\/en\/#website"},"datePublished":"2015-09-30T10:41:55+00:00","dateModified":"2019-11-21T09:44:25+00:00","breadcrumb":{"@id":"https:\/\/drtmoldes.com\/ru\/news\/#breadcrumb"},"inLanguage":"de","potentialAction":[{"@type":"ReadAction","target":["https:\/\/drtmoldes.com\/ru\/news\/"]}]},{"@type":"BreadcrumbList","@id":"https:\/\/drtmoldes.com\/ru\/news\/#breadcrumb","itemListElement":[{"@type":"ListItem","position":1,"name":"In\u00edcio","item":"https:\/\/drtmoldes.com\/en\/"},{"@type":"ListItem","position":2,"name":"News"}]},{"@type":"WebSite","@id":"https:\/\/drtmoldes.com\/en\/#website","url":"https:\/\/drtmoldes.com\/en\/","name":"DRTMoulds","description":"Great things are made together","potentialAction":[{"@type":"SearchAction","target":{"@type":"EntryPoint","urlTemplate":"https:\/\/drtmoldes.com\/en\/?s={search_term_string}"},"query-input":"required name=search_term_string"}],"inLanguage":"de"}]}},"_links":{"self":[{"href":"https:\/\/drtmoldes.com\/de\/wp-json\/wp\/v2\/pages\/83","targetHints":{"allow":["GET"]}}],"collection":[{"href":"https:\/\/drtmoldes.com\/de\/wp-json\/wp\/v2\/pages"}],"about":[{"href":"https:\/\/drtmoldes.com\/de\/wp-json\/wp\/v2\/types\/page"}],"author":[{"embeddable":true,"href":"https:\/\/drtmoldes.com\/de\/wp-json\/wp\/v2\/users\/1"}],"replies":[{"embeddable":true,"href":"https:\/\/drtmoldes.com\/de\/wp-json\/wp\/v2\/comments?post=83"}],"version-history":[{"count":18,"href":"https:\/\/drtmoldes.com\/de\/wp-json\/wp\/v2\/pages\/83\/revisions"}],"predecessor-version":[{"id":43585,"href":"https:\/\/drtmoldes.com\/de\/wp-json\/wp\/v2\/pages\/83\/revisions\/43585"}],"wp:attachment":[{"href":"https:\/\/drtmoldes.com\/de\/wp-json\/wp\/v2\/media?parent=83"}],"curies":[{"name":"wp","href":"https:\/\/api.w.org\/{rel}","templated":true}]}}