{"id":1305,"date":"2018-05-25T14:43:05","date_gmt":"2018-05-25T14:43:05","guid":{"rendered":"https:\/\/drtmoldes.com\/?page_id=1305"},"modified":"2018-05-29T13:54:30","modified_gmt":"2018-05-29T13:54:30","slug":"politica-privacidade","status":"publish","type":"page","link":"https:\/\/drtmoldes.com\/en\/politica-privacidade\/","title":{"rendered":"PRIVACY POLICY AND TERMS OF USE"},"content":{"rendered":"<p>[vc_row][vc_column][vc_empty_space height=&#8221;120px&#8221;]<div class='headline'><h2>PRIVACY POLICY AND TERMS OF USE<\/h2><\/div>[\/vc_column][\/vc_row][vc_row][vc_column][vc_column_text]<\/p>\n<h4 class=\"p1\"><span class=\"s1\"><b>WHO WE ARE?<\/b><\/span><\/h4>\n<p class=\"p1\"><span class=\"s1\">DRT GROUP is the holding company for an integrated group of companies with headquarters at Rua dos Marinheiros, Lote 6 &#8211; N\u00ba 146 &#8211; Zona Ind. Cova das Faias &#8211; ZICOFA &#8211; 2415-806 Marrazes &#8211; Leiria \u2013 PORTUGAL and VAT registration number no. 510 432 603.<\/span><span class=\"s1\">\u00a0<\/span><\/p>\n<p class=\"p1\"><span class=\"s1\">This Privacy Policy applies exclusively to the collection and processing of personal data made by DRT Group and its subsidiaries DRT Molds, DRT Rapid, DRT Micro, DRT Plastic, Unite, DRT Tech, DRT Advance, DRT Yacht, Feel the Moments, Prediconforto SA and is complementary to the terms and conditions mentioned in contracts for the provision of services and products.<\/span><\/p>\n<p>&nbsp;<\/p>\n<h4 class=\"p1\"><span class=\"s1\"><b>Scope<\/b><\/span><\/h4>\n<p class=\"p1\"><span class=\"s1\">The new General Data Protection Regulation (GDPR), approved by the European Parliament in May 2016, entered into force on May 25, 2018. The DRT Group is committed to protecting the privacy of its customers and users and reinforces resources to privacy and data protection in strict compliance with the new regulation.<\/span><\/p>\n<p>&nbsp;<\/p>\n<h4 class=\"p1\"><span class=\"s1\"><b>WHAT IS PERSONAL DATA?<\/b><\/span><\/h4>\n<p class=\"p1\"><span class=\"s1\">\u201cPersonal data\u201d refers to data that allow the identification of individuals, directly or indirectly.<\/span><\/p>\n<p>&nbsp;<\/p>\n<h4 class=\"p1\"><span class=\"s1\"><b>TYPE OF PERSONAL DATA WE COLLECT, HOW AND WHY<\/b><\/span><\/h4>\n<p class=\"p1\"><span class=\"s1\">We collect personal data when registering on our website, when you request a product, service or information, make a complaint or provide an opinion.<\/span><\/p>\n<p class=\"p1\"><span class=\"s1\">The DRT Group collects the personal data necessary for its activity, usually for the management of the contractual relationship and assistance, dealing with data such as name, address, telephone number, e-mail address, taxpayer number and data related to the purchase history.<\/span><\/p>\n<p class=\"p1\"><span class=\"s1\">We may also collect your data to disclose new products, services, special offers or other information that we believe may be of interest to you. Thus, is guaranteed the right of access, updating, rectification and removal. To do so,\u00a0please send us an email to<\/span> <strong><a href=\"mailto:it-support@drtmoldes.com\"><span class=\"s3\">it-support@drtmoldes.com<\/span><\/a><\/strong><span class=\"s1\"><strong>.<\/strong><\/span><\/p>\n<p>&nbsp;<\/p>\n<h4 class=\"p1\"><span class=\"s1\"><b>LENGTH OF TIME<\/b><\/span><\/h4>\n<p class=\"p1\"><span class=\"s1\">Whenever there are no legal requirements defined, the data will be stored for the minimum period necessary to achieve the aim that led to its collection.<\/span><\/p>\n<p class=\"p1\"><span class=\"s1\">For marketing and customer service purposes your data will be retained during 10 years after your consent or your last contact. During this period, you may void the consent<\/span> <span class=\"s5\"><a href=\"https:\/\/drtmoldes.us18.list-manage.com\/unsubscribe?u=d4b063581dcd91db4089befaf&amp;id=9a9623c6b6\"><strong>here<\/strong><\/a>.<\/span><\/p>\n<p>&nbsp;<\/p>\n<h4 class=\"p1\"><span class=\"s1\"><b>Cookies<\/b><\/span><\/h4>\n<p class=\"p1\"><span class=\"s1\">\u201cCookies\u201d are small software labels stored on your computer to optimize your browsing experience and to analyze the global performance of the website.<\/span><\/p>\n<p class=\"p1\"><span class=\"s1\">The cookies are used by the DRT Group to:<br \/>\n1. Collect IP addresses of users. In this way, we can customize your browsing preferences;<br \/>\n2. Obtain statistical information about the website, for example, distinguishing new users from regular users. <\/span><\/p>\n<p class=\"p1\"><span class=\"s1\">You can limit or restrict the admission of cookies through your browser options.<\/span><\/p>\n<p class=\"p1\"><span class=\"s1\">\u00a0<\/span><\/p>\n<h4 class=\"p1\"><span class=\"s1\"><b>DATA SECURITY<\/b><\/span><\/h4>\n<p class=\"p1\"><span class=\"s1\">In order to ensure the security and integrity of the data provided by users of our website and digital platforms, we have implemented technological and organizational measures that help us keep information safe and up to date.<\/span><\/p>\n<p class=\"p1\"><span class=\"s1\">Although all measures are being taken, we remind our users of the importance of having their PC and browser up-to-date, configured security patches, active firewall, antivirus and antispyware, and make sure the websites are authenticated.<\/span><\/p>\n<p class=\"p1\"><span class=\"s1\">\u00a0<\/span><\/p>\n<h4 class=\"p1\"><span class=\"s1\"><b>THIRD-PARTY ACCESS<\/b><\/span><\/h4>\n<p class=\"p1\"><span class=\"s1\">The DRT Group may assign personal data to third parties for them to provide services on our behalf. When this happens, we investigate their reliability and the guarantees they offer at this level. DRT Group only provides the data strictly necessary and will always be responsible for the data that it makes available.<\/span><\/p>\n<p class=\"p1\"><span class=\"s1\">In addition, we may have to transfer personal data to enforce the law, protect or defend DRT property rights or act in urgent situations of data protection and security of our users, customers and public.<\/span><\/p>\n<p class=\"p1\"><span class=\"s1\"><b>\u00a0<\/b><\/span><\/p>\n<h4 class=\"p1\"><span class=\"s1\"><b>CHANGES TO PRIVACY POLICY<\/b><\/span><\/h4>\n<p class=\"p1\"><span class=\"s1\">DRT Group reserves the right to update this Privacy Policy at any time. When you are using the services, you\u2019re subject to these terms and any updates. Therefore, periodically review this Privacy Policy.<\/span><\/p>\n<p class=\"p1\"><span class=\"s1\">\u00a0<\/span><\/p>\n<h4 class=\"p1\"><span class=\"s1\">Contactos<\/span><\/h4>\n<p class=\"p1\"><span class=\"s1\">The responsible for the collection and processing of personal data is DRT SGPS SA. If you have any questions about our privacy policy or the information we have about you, please contact us through<\/span> <strong><a href=\"mailto:it-support@drt-group.com\"><span class=\"s6\">it-support@drt-group.com\u00a0<\/span><\/a>\u00a0<\/strong><span class=\"s1\">or by post mail: Rua dos Marinheiros Lote 6 &#8211; N\u00ba 146 ZICOFA, 2415-806 Leiria.<\/span><\/p>\n<p>[\/vc_column_text][\/vc_column][\/vc_row][vc_row][vc_column][vc_empty_space][\/vc_column][\/vc_row]<\/p>","protected":false},"excerpt":{"rendered":"<p>[vc_row][vc_column][vc_empty_space height=&#8221;120px&#8221;][\/vc_column][\/vc_row][vc_row][vc_column][vc_column_text] WHO WE ARE? DRT GROUP is the holding company for an integrated group of companies with headquarters at Rua dos Marinheiros, Lote 6 &#8211; N\u00ba 146 &#8211; Zona Ind. Cova das Faias &#8211; ZICOFA &#8211; 2415-806 Marrazes &#8211; Leiria \u2013 PORTUGAL and VAT registration number no. 510 432 603.\u00a0 This Privacy Policy applies&#8230;<\/p>\n","protected":false},"author":1,"featured_media":0,"parent":0,"menu_order":0,"comment_status":"closed","ping_status":"closed","template":"","meta":{"_mi_skip_tracking":false,"footnotes":""},"class_list":["post-1305","page","type-page","status-publish","hentry"],"yoast_head":"<!-- This site is optimized with the Yoast SEO plugin v20.3 - https:\/\/yoast.com\/wordpress\/plugins\/seo\/ -->\n<title>PRIVACY POLICY AND TERMS OF USE - DRTMoulds<\/title>\n<meta name=\"robots\" content=\"index, follow, max-snippet:-1, max-image-preview:large, max-video-preview:-1\" \/>\n<link rel=\"canonical\" href=\"https:\/\/drtmoldes.com\/politica-privacidade\/\" \/>\n<meta property=\"og:locale\" content=\"en_US\" \/>\n<meta property=\"og:type\" content=\"article\" \/>\n<meta property=\"og:title\" content=\"[:pt]Pol\u00edtica de Privacidade e Condi\u00e7\u00f5es de utiliza\u00e7\u00e3o[:en]PRIVACY POLICY AND TERMS OF USE[:es]Pol\u00edtica de Privacidad y condiciones de Utilizaci\u00f3n[:ru]\u041f\u043e\u043b\u0438\u0442\u0438\u043a\u0430 \u043a\u043e\u043d\u0444\u0438\u0434\u0435\u043d\u0446\u0438\u0430\u043b\u044c\u043d\u043e\u0441\u0442\u0438 \u0438 \u0443\u0441\u043b\u043e\u0432\u0438\u044f \u0438\u0441\u043f\u043e\u043b\u044c\u0437\u043e\u0432\u0430\u043d\u0438\u044f[:de]PRIVACY POLICY AND TERMS OF USE[:] - DRTMoulds\" \/>\n<meta property=\"og:description\" content=\"[vc_row][vc_column][vc_empty_space height=&#8221;120px&#8221;][\/vc_column][\/vc_row][vc_row][vc_column][vc_column_text] WHO WE ARE? DRT GROUP is the holding company for an integrated group of companies with headquarters at Rua dos Marinheiros, Lote 6 &#8211; N\u00ba 146 &#8211; Zona Ind. Cova das Faias &#8211; ZICOFA &#8211; 2415-806 Marrazes &#8211; Leiria \u2013 PORTUGAL and VAT registration number no. 510 432 603.\u00a0 This Privacy Policy applies...\" \/>\n<meta property=\"og:url\" content=\"https:\/\/drtmoldes.com\/politica-privacidade\/\" \/>\n<meta property=\"og:site_name\" content=\"DRTMoulds\" \/>\n<meta property=\"article:modified_time\" content=\"2018-05-29T13:54:30+00:00\" \/>\n<meta name=\"twitter:card\" content=\"summary_large_image\" \/>\n<meta name=\"twitter:label1\" content=\"Est. reading time\" \/>\n\t<meta name=\"twitter:data1\" content=\"17 minutes\" \/>\n<script type=\"application\/ld+json\" class=\"yoast-schema-graph\">{\"@context\":\"https:\/\/schema.org\",\"@graph\":[{\"@type\":\"WebPage\",\"@id\":\"https:\/\/drtmoldes.com\/politica-privacidade\/\",\"url\":\"https:\/\/drtmoldes.com\/politica-privacidade\/\",\"name\":\"[:pt]Pol\u00edtica de Privacidade e Condi\u00e7\u00f5es de utiliza\u00e7\u00e3o[:en]PRIVACY POLICY AND TERMS OF USE[:es]Pol\u00edtica de Privacidad y condiciones de Utilizaci\u00f3n[:ru]\u041f\u043e\u043b\u0438\u0442\u0438\u043a\u0430 \u043a\u043e\u043d\u0444\u0438\u0434\u0435\u043d\u0446\u0438\u0430\u043b\u044c\u043d\u043e\u0441\u0442\u0438 \u0438 \u0443\u0441\u043b\u043e\u0432\u0438\u044f \u0438\u0441\u043f\u043e\u043b\u044c\u0437\u043e\u0432\u0430\u043d\u0438\u044f[:de]PRIVACY POLICY AND TERMS OF USE[:] - DRTMoulds\",\"isPartOf\":{\"@id\":\"https:\/\/drtmoldes.com\/en\/#website\"},\"datePublished\":\"2018-05-25T14:43:05+00:00\",\"dateModified\":\"2018-05-29T13:54:30+00:00\",\"breadcrumb\":{\"@id\":\"https:\/\/drtmoldes.com\/politica-privacidade\/#breadcrumb\"},\"inLanguage\":\"en-US\",\"potentialAction\":[{\"@type\":\"ReadAction\",\"target\":[\"https:\/\/drtmoldes.com\/politica-privacidade\/\"]}]},{\"@type\":\"BreadcrumbList\",\"@id\":\"https:\/\/drtmoldes.com\/politica-privacidade\/#breadcrumb\",\"itemListElement\":[{\"@type\":\"ListItem\",\"position\":1,\"name\":\"In\u00edcio\",\"item\":\"https:\/\/drtmoldes.com\/en\/\"},{\"@type\":\"ListItem\",\"position\":2,\"name\":\"Pol\u00edtica de Privacidade e Condi\u00e7\u00f5es de utiliza\u00e7\u00e3o\"}]},{\"@type\":\"WebSite\",\"@id\":\"https:\/\/drtmoldes.com\/en\/#website\",\"url\":\"https:\/\/drtmoldes.com\/en\/\",\"name\":\"DRTMoulds\",\"description\":\"Great things are made together\",\"potentialAction\":[{\"@type\":\"SearchAction\",\"target\":{\"@type\":\"EntryPoint\",\"urlTemplate\":\"https:\/\/drtmoldes.com\/en\/?s={search_term_string}\"},\"query-input\":\"required name=search_term_string\"}],\"inLanguage\":\"en-US\"}]}<\/script>\n<!-- \/ Yoast SEO plugin. -->","yoast_head_json":{"title":"[:pt]Pol\u00edtica de Privacidade e Condi\u00e7\u00f5es de utiliza\u00e7\u00e3o[:en]PRIVACY POLICY AND TERMS OF USE[:es]Pol\u00edtica de Privacidad y condiciones de Utilizaci\u00f3n[:ru]\u041f\u043e\u043b\u0438\u0442\u0438\u043a\u0430 \u043a\u043e\u043d\u0444\u0438\u0434\u0435\u043d\u0446\u0438\u0430\u043b\u044c\u043d\u043e\u0441\u0442\u0438 \u0438 \u0443\u0441\u043b\u043e\u0432\u0438\u044f \u0438\u0441\u043f\u043e\u043b\u044c\u0437\u043e\u0432\u0430\u043d\u0438\u044f[:de]PRIVACY POLICY AND TERMS OF USE[:] - DRTMoulds","robots":{"index":"index","follow":"follow","max-snippet":"max-snippet:-1","max-image-preview":"max-image-preview:large","max-video-preview":"max-video-preview:-1"},"canonical":"https:\/\/drtmoldes.com\/politica-privacidade\/","og_locale":"en_US","og_type":"article","og_title":"[:pt]Pol\u00edtica de Privacidade e Condi\u00e7\u00f5es de utiliza\u00e7\u00e3o[:en]PRIVACY POLICY AND TERMS OF USE[:es]Pol\u00edtica de Privacidad y condiciones de Utilizaci\u00f3n[:ru]\u041f\u043e\u043b\u0438\u0442\u0438\u043a\u0430 \u043a\u043e\u043d\u0444\u0438\u0434\u0435\u043d\u0446\u0438\u0430\u043b\u044c\u043d\u043e\u0441\u0442\u0438 \u0438 \u0443\u0441\u043b\u043e\u0432\u0438\u044f \u0438\u0441\u043f\u043e\u043b\u044c\u0437\u043e\u0432\u0430\u043d\u0438\u044f[:de]PRIVACY POLICY AND TERMS OF USE[:] - DRTMoulds","og_description":"[vc_row][vc_column][vc_empty_space height=&#8221;120px&#8221;][\/vc_column][\/vc_row][vc_row][vc_column][vc_column_text] WHO WE ARE? DRT GROUP is the holding company for an integrated group of companies with headquarters at Rua dos Marinheiros, Lote 6 &#8211; N\u00ba 146 &#8211; Zona Ind. Cova das Faias &#8211; ZICOFA &#8211; 2415-806 Marrazes &#8211; Leiria \u2013 PORTUGAL and VAT registration number no. 510 432 603.\u00a0 This Privacy Policy applies...","og_url":"https:\/\/drtmoldes.com\/politica-privacidade\/","og_site_name":"DRTMoulds","article_modified_time":"2018-05-29T13:54:30+00:00","twitter_card":"summary_large_image","twitter_misc":{"Est. reading time":"17 minutes"},"schema":{"@context":"https:\/\/schema.org","@graph":[{"@type":"WebPage","@id":"https:\/\/drtmoldes.com\/politica-privacidade\/","url":"https:\/\/drtmoldes.com\/politica-privacidade\/","name":"[:pt]Pol\u00edtica de Privacidade e Condi\u00e7\u00f5es de utiliza\u00e7\u00e3o[:en]PRIVACY POLICY AND TERMS OF USE[:es]Pol\u00edtica de Privacidad y condiciones de Utilizaci\u00f3n[:ru]\u041f\u043e\u043b\u0438\u0442\u0438\u043a\u0430 \u043a\u043e\u043d\u0444\u0438\u0434\u0435\u043d\u0446\u0438\u0430\u043b\u044c\u043d\u043e\u0441\u0442\u0438 \u0438 \u0443\u0441\u043b\u043e\u0432\u0438\u044f \u0438\u0441\u043f\u043e\u043b\u044c\u0437\u043e\u0432\u0430\u043d\u0438\u044f[:de]PRIVACY POLICY AND TERMS OF USE[:] - DRTMoulds","isPartOf":{"@id":"https:\/\/drtmoldes.com\/en\/#website"},"datePublished":"2018-05-25T14:43:05+00:00","dateModified":"2018-05-29T13:54:30+00:00","breadcrumb":{"@id":"https:\/\/drtmoldes.com\/politica-privacidade\/#breadcrumb"},"inLanguage":"en-US","potentialAction":[{"@type":"ReadAction","target":["https:\/\/drtmoldes.com\/politica-privacidade\/"]}]},{"@type":"BreadcrumbList","@id":"https:\/\/drtmoldes.com\/politica-privacidade\/#breadcrumb","itemListElement":[{"@type":"ListItem","position":1,"name":"In\u00edcio","item":"https:\/\/drtmoldes.com\/en\/"},{"@type":"ListItem","position":2,"name":"Pol\u00edtica de Privacidade e Condi\u00e7\u00f5es de utiliza\u00e7\u00e3o"}]},{"@type":"WebSite","@id":"https:\/\/drtmoldes.com\/en\/#website","url":"https:\/\/drtmoldes.com\/en\/","name":"DRTMoulds","description":"Great things are made together","potentialAction":[{"@type":"SearchAction","target":{"@type":"EntryPoint","urlTemplate":"https:\/\/drtmoldes.com\/en\/?s={search_term_string}"},"query-input":"required name=search_term_string"}],"inLanguage":"en-US"}]}},"_links":{"self":[{"href":"https:\/\/drtmoldes.com\/en\/wp-json\/wp\/v2\/pages\/1305","targetHints":{"allow":["GET"]}}],"collection":[{"href":"https:\/\/drtmoldes.com\/en\/wp-json\/wp\/v2\/pages"}],"about":[{"href":"https:\/\/drtmoldes.com\/en\/wp-json\/wp\/v2\/types\/page"}],"author":[{"embeddable":true,"href":"https:\/\/drtmoldes.com\/en\/wp-json\/wp\/v2\/users\/1"}],"replies":[{"embeddable":true,"href":"https:\/\/drtmoldes.com\/en\/wp-json\/wp\/v2\/comments?post=1305"}],"version-history":[{"count":11,"href":"https:\/\/drtmoldes.com\/en\/wp-json\/wp\/v2\/pages\/1305\/revisions"}],"predecessor-version":[{"id":1326,"href":"https:\/\/drtmoldes.com\/en\/wp-json\/wp\/v2\/pages\/1305\/revisions\/1326"}],"wp:attachment":[{"href":"https:\/\/drtmoldes.com\/en\/wp-json\/wp\/v2\/media?parent=1305"}],"curies":[{"name":"wp","href":"https:\/\/api.w.org\/{rel}","templated":true}]}}