{"id":1305,"date":"2018-05-25T14:43:05","date_gmt":"2018-05-25T14:43:05","guid":{"rendered":"https:\/\/drtmoldes.com\/?page_id=1305"},"modified":"2018-05-29T13:54:30","modified_gmt":"2018-05-29T13:54:30","slug":"politica-privacidade","status":"publish","type":"page","link":"https:\/\/drtmoldes.com\/es\/politica-privacidade\/","title":{"rendered":"Pol\u00edtica de Privacidad y condiciones de Utilizaci\u00f3n"},"content":{"rendered":"<p>[vc_row][vc_column][vc_empty_space height=\u00bb120px\u00bb]<div class='headline'><h2>Pol\u00edtica de Privacidad y condiciones de Utilizaci\u00f3n<\/h2><\/div>[\/vc_column][\/vc_row][vc_row][vc_column][vc_column_text]<\/p>\n<h4 class=\"p1\"><span class=\"s1\"><b>\u00bfQui\u00e9n somos? <\/b><\/span><\/h4>\n<p>El Grupo DRT SGPS SA es una sociedad an\u00f3nima con domicilio en Rua dos Marinheiros, Lote 6 \u2013 N\u00ba 146, Zona Industrial Cova das Faias \u2013 Zicofa_ 2415-806 Marrazes \u2013 Leiria \u2013 Portugal con el c\u00f3digo de identificaci\u00f3n fiscal \u00a0\u00a0510 432 603 que integra las empresas DRT Molds, DRT Rapid, DRT Micro, DRT Plastic, Unite, DRT Tech, DRT Advance<span class=\"s1\">, DRT YachtFeel the Moments,<\/span> y Prediconforto SA.<\/p>\n<p><span style=\"font-weight: 400;\">Esta Pol\u00edtica de Privacidad se aplica exclusivamente a la recogida y tratamiento de datos personales efectuados por las Empresas del Grupo DRT y es complementaria a los t\u00e9rminos y condiciones mencionados en contratos de suministro, prestaci\u00f3n de servicios u otros similares.<\/span><\/p>\n<p>&nbsp;<\/p>\n<h4 class=\"p1\"><b>\u00c1mbito<\/b><\/h4>\n<p class=\"p1\"><span style=\"font-weight: 400;\">El nuevo Reglamento General de Protecci\u00f3n de Datos (RGPD), aprobado por el Parlamento Europeo en mayo de 2016, entrar\u00e1 en vigor a partir del 25 de mayo de 2018. El Grupo DRT se ha comprometido a proteger la privacidad de sus clientes y de los usuarios plataformas digitales con el objetivo de firmar su compromiso con la privacidad y protecci\u00f3n de los datos personales y tener una conducta en el estricto respeto y cumplimiento de la Ley de Protecci\u00f3n de Datos Personales.<\/span><\/p>\n<p>&nbsp;<\/p>\n<h4 class=\"p1\"><span class=\"s1\"><b>\u00bfQu\u00e9 son datos personales?<\/b><\/span><\/h4>\n<p class=\"p1\"><span style=\"font-weight: 400;\">Cualquier informaci\u00f3n relativa a una persona f\u00edsica identificada o identificable, directa o indirectamente.<\/span><\/p>\n<p>&nbsp;<\/p>\n<h4 class=\"p1\"><b>Tipo de datos personales que recogemos, de que forma y con qu\u00e9 objetivo<\/b><\/h4>\n<p><span style=\"font-weight: 400;\">Recogemos datos personales al registrarse en nuestro sitio web, cuando solicita un producto, servicio o informaci\u00f3n, presenta una queja o proporciona una opini\u00f3n.<\/span><\/p>\n<p><span style=\"font-weight: 400;\">El Grupo DRT procede a la recogida de los datos personales necesarios para su actividad, normalmente para la gesti\u00f3n de la relaci\u00f3n contractual de suministro de productos y prestaci\u00f3n de servicios y asistencia al cliente, tratando en ese \u00e1mbito datos como el nombre, la direcci\u00f3n, el n\u00famero de tel\u00e9fono, la direcci\u00f3n de correo electr\u00f3nico, el contribuyente y los datos relacionados con el historial de compra.\u00a0<\/span><\/p>\n<p><span style=\"font-weight: 400;\">Podemos tambi\u00e9n recopilar sus datos para divulgar nuevos productos, servicios, ofertas especiales u otra informaci\u00f3n que creemos que es de su inter\u00e9s. Se garantiza al titular de los datos, el derecho de acceso, actualizaci\u00f3n, rectificaci\u00f3n y remoci\u00f3n. Para ello, utilice el correo eletr\u00f3nico<\/span> <strong><a href=\"mailto:it-support@drtmoldes.com\"><span class=\"s3\">it-support@drtmoldes.com<\/span><\/a><\/strong><span class=\"s1\"><strong>.<\/strong><\/span><\/p>\n<p>&nbsp;<\/p>\n<h4 class=\"p1\"><b>Tiempo de almacenamiento<\/b><\/h4>\n<p><span style=\"font-weight: 400;\">Siempre que no existan requisitos legales definidos, los datos ser\u00e1n almacenados por el per\u00edodo m\u00ednimo necesario para concreci\u00f3n del objetivo que motiv\u00f3 su recogida.<\/span><\/p>\n<p><span style=\"font-weight: 400;\">A efectos de marketing y asistencia al cliente, sus datos se conservar\u00e1n hasta 10 a\u00f1os despu\u00e9s de su consentimiento o de su \u00faltimo contacto. En cualquier momento podr\u00e1 anular la suscripci\u00f3n<\/span> <span class=\"s5\"><a href=\"https:\/\/drtmoldes.us18.list-manage.com\/unsubscribe?u=d4b063581dcd91db4089befaf&amp;id=9a9623c6b6\"><strong>here<\/strong><\/a>.<\/span><\/p>\n<p>&nbsp;<\/p>\n<h4 class=\"p1\"><span class=\"s1\"><b>Cookies<\/b><\/span><\/h4>\n<p><span style=\"font-weight: 400;\">\u00abCookies\u00bb son peque\u00f1as etiquetas de software almacenadas en su ordenador a trav\u00e9s del navegador y permiten optimizar su experiencia de navegaci\u00f3n y analizar el uso global del sitio web.<\/span><\/p>\n<p><span style=\"font-weight: 400;\">Las cookies son utilizadas por el Grupo DRT para:<br \/>\n<\/span><span class=\"s1\">1. <span style=\"font-weight: 400;\">Recopilar direcciones IP de los usuarios. De esta forma, podemos personalizar sus preferencias de uso;<\/span><br \/>\n2. <span style=\"font-weight: 400;\">Obtener informaci\u00f3n estad\u00edstica sobre el sitio web, por ejemplo, distinguir nuevos usuarios de usuarios regulares.<\/span><\/span><\/p>\n<p class=\"p1\"><span style=\"font-weight: 400;\">Puede limitar o restringir la admisi\u00f3n de cookies a trav\u00e9s de las opciones de su navegador.<\/span><\/p>\n<p class=\"p1\"><span class=\"s1\">\u00a0<\/span><\/p>\n<h4 class=\"p1\"><b>Seguridad de los datos<\/b><\/h4>\n<p><span style=\"font-weight: 400;\">Con el objetivo de asegurar la seguridad e integridad de los datos proporcionados por los usuarios de nuestro sitio web y plataformas digitales, hemos implementado medidas a nivel tecnol\u00f3gico y organizacional que nos ayudan a mantener la informaci\u00f3n segura y actualizada.<\/span><\/p>\n<p><span style=\"font-weight: 400;\">Los datos son encriptados y almacenados de forma segura, sujetos a las medidas de seguridad que consideramos fundamentales para su protecci\u00f3n.<\/span><\/p>\n<p><span style=\"font-weight: 400;\">A pesar de que todas las medidas est\u00e1n siendo tomadas, recordamos a nuestros usuarios la importancia de tener su PC y navegador actualizado, &#8216;parches&#8217; de seguridad configurados, firewall activo, antivirus y anti-spyware y cerciorarse de la autenticidad de los sitios web en que navega.<\/span><\/p>\n<p class=\"p1\"><span class=\"s1\">\u00a0<\/span><\/p>\n<h4 class=\"p1\"><b>Cesi\u00f3n de datos a terceros<\/b><\/h4>\n<p><span style=\"font-weight: 400;\">En determinadas situaciones el Grupo DRT podr\u00e1 ceder datos personales a terceras empresas para que \u00e9stas proporcionen servicios en nuestro nombre. Cuando esto sucede averiguamos la idoneidad de estas entidades y las garant\u00edas que ofrecen a este nivel, formalizando todas las condiciones en contrato con dicha entidad. El Grupo DRT s\u00f3lo proporciona los datos estrictamente necesarios y ser\u00e1 siempre responsable de los datos que ofrece.<\/span><\/p>\n<p><span style=\"font-weight: 400;\">Adicionalmente, podemos tener que ceder datos personales para hacer cumplir la ley, proteger o defender los derechos de propiedad del Grupo DRT o actuar en situaciones urgentes de protecci\u00f3n y seguridad de los datos de nuestros usuarios, clientes y p\u00fablico.<\/span><\/p>\n<p class=\"p1\"><span class=\"s1\"><b>\u00a0<\/b><\/span><\/p>\n<h4 class=\"p1\"><b>Cambios en la pol\u00edtica de privacidad<\/b><\/h4>\n<p class=\"p1\"><span style=\"font-weight: 400;\">El Grupo DRT se reserva el derecho de actualizar esta Pol\u00edtica de Privacidad en cualquier momento. La utilizaci\u00f3n del servicio constituye la aceptaci\u00f3n de estos t\u00e9rminos y de cualquier actualizaci\u00f3n. Como tal, revise peri\u00f3dicamente esta Pol\u00edtica de Privacidad.<\/span><\/p>\n<p class=\"p1\"><span class=\"s1\">\u00a0<\/span><\/p>\n<h4 class=\"p1\"><span class=\"s1\">Contactos<\/span><\/h4>\n<p class=\"p1\"><span style=\"font-weight: 400;\">La entidad responsable de la recogida y el tratamiento de los datos personales es DRT SGPS SA. Si tiene alguna pregunta acerca de nuestra pol\u00edtica de privacidad o de la informaci\u00f3n que tenemos acerca de usted en contacto con nosotros utilizando o correo electr\u00f3nico<\/span> <strong><a href=\"mailto:it-support@drt-group.com\"><span class=\"s6\">it-support@drt-group.com\u00a0<\/span><\/a> <span style=\"font-weight: 400;\">o por correo eletr\u00f3nico: Rua dos Marinheiros Lote 6 &#8211; N\u00ba 146 ZICOFA, 2415-806 Leiria<\/span><span style=\"font-weight: 400;\">.<\/span><\/strong><\/p>\n<p>[\/vc_column_text][\/vc_column][\/vc_row][vc_row][vc_column][vc_empty_space][\/vc_column][\/vc_row]<\/p>","protected":false},"excerpt":{"rendered":"<p>[vc_row][vc_column][vc_empty_space height=\u00bb120px\u00bb][\/vc_column][\/vc_row][vc_row][vc_column][vc_column_text] \u00bfQui\u00e9n somos? El Grupo DRT SGPS SA es una sociedad an\u00f3nima con domicilio en Rua dos Marinheiros, Lote 6 \u2013 N\u00ba 146, Zona Industrial Cova das Faias \u2013 Zicofa_ 2415-806 Marrazes \u2013 Leiria \u2013 Portugal con el c\u00f3digo de identificaci\u00f3n fiscal \u00a0\u00a0510 432 603 que integra las empresas DRT Molds, DRT Rapid, DRT&#8230;<\/p>\n","protected":false},"author":1,"featured_media":0,"parent":0,"menu_order":0,"comment_status":"closed","ping_status":"closed","template":"","meta":{"_mi_skip_tracking":false,"footnotes":""},"class_list":["post-1305","page","type-page","status-publish","hentry"],"yoast_head":"<!-- This site is optimized with the Yoast SEO plugin v20.3 - https:\/\/yoast.com\/wordpress\/plugins\/seo\/ -->\n<title>Pol\u00edtica de Privacidad y condiciones de Utilizaci\u00f3n - DRTMoulds<\/title>\n<meta name=\"robots\" content=\"index, follow, max-snippet:-1, max-image-preview:large, max-video-preview:-1\" \/>\n<link rel=\"canonical\" href=\"https:\/\/drtmoldes.com\/politica-privacidade\/\" \/>\n<meta property=\"og:locale\" content=\"es_ES\" \/>\n<meta property=\"og:type\" content=\"article\" \/>\n<meta property=\"og:title\" content=\"[:pt]Pol\u00edtica de Privacidade e Condi\u00e7\u00f5es de utiliza\u00e7\u00e3o[:en]PRIVACY POLICY AND TERMS OF USE[:es]Pol\u00edtica de Privacidad y condiciones de Utilizaci\u00f3n[:ru]\u041f\u043e\u043b\u0438\u0442\u0438\u043a\u0430 \u043a\u043e\u043d\u0444\u0438\u0434\u0435\u043d\u0446\u0438\u0430\u043b\u044c\u043d\u043e\u0441\u0442\u0438 \u0438 \u0443\u0441\u043b\u043e\u0432\u0438\u044f \u0438\u0441\u043f\u043e\u043b\u044c\u0437\u043e\u0432\u0430\u043d\u0438\u044f[:de]PRIVACY POLICY AND TERMS OF USE[:] - DRTMoulds\" \/>\n<meta property=\"og:description\" content=\"[vc_row][vc_column][vc_empty_space height=\u00bb120px\u00bb][\/vc_column][\/vc_row][vc_row][vc_column][vc_column_text] \u00bfQui\u00e9n somos? El Grupo DRT SGPS SA es una sociedad an\u00f3nima con domicilio en Rua dos Marinheiros, Lote 6 \u2013 N\u00ba 146, Zona Industrial Cova das Faias \u2013 Zicofa_ 2415-806 Marrazes \u2013 Leiria \u2013 Portugal con el c\u00f3digo de identificaci\u00f3n fiscal \u00a0\u00a0510 432 603 que integra las empresas DRT Molds, DRT Rapid, DRT...\" \/>\n<meta property=\"og:url\" content=\"https:\/\/drtmoldes.com\/politica-privacidade\/\" \/>\n<meta property=\"og:site_name\" content=\"DRTMoulds\" \/>\n<meta property=\"article:modified_time\" content=\"2018-05-29T13:54:30+00:00\" \/>\n<meta name=\"twitter:card\" content=\"summary_large_image\" \/>\n<meta name=\"twitter:label1\" content=\"Tiempo de lectura\" \/>\n\t<meta name=\"twitter:data1\" content=\"17 minutos\" \/>\n<script type=\"application\/ld+json\" class=\"yoast-schema-graph\">{\"@context\":\"https:\/\/schema.org\",\"@graph\":[{\"@type\":\"WebPage\",\"@id\":\"https:\/\/drtmoldes.com\/politica-privacidade\/\",\"url\":\"https:\/\/drtmoldes.com\/politica-privacidade\/\",\"name\":\"[:pt]Pol\u00edtica de Privacidade e Condi\u00e7\u00f5es de utiliza\u00e7\u00e3o[:en]PRIVACY POLICY AND TERMS OF USE[:es]Pol\u00edtica de Privacidad y condiciones de Utilizaci\u00f3n[:ru]\u041f\u043e\u043b\u0438\u0442\u0438\u043a\u0430 \u043a\u043e\u043d\u0444\u0438\u0434\u0435\u043d\u0446\u0438\u0430\u043b\u044c\u043d\u043e\u0441\u0442\u0438 \u0438 \u0443\u0441\u043b\u043e\u0432\u0438\u044f \u0438\u0441\u043f\u043e\u043b\u044c\u0437\u043e\u0432\u0430\u043d\u0438\u044f[:de]PRIVACY POLICY AND TERMS OF USE[:] - DRTMoulds\",\"isPartOf\":{\"@id\":\"https:\/\/drtmoldes.com\/en\/#website\"},\"datePublished\":\"2018-05-25T14:43:05+00:00\",\"dateModified\":\"2018-05-29T13:54:30+00:00\",\"breadcrumb\":{\"@id\":\"https:\/\/drtmoldes.com\/politica-privacidade\/#breadcrumb\"},\"inLanguage\":\"es\",\"potentialAction\":[{\"@type\":\"ReadAction\",\"target\":[\"https:\/\/drtmoldes.com\/politica-privacidade\/\"]}]},{\"@type\":\"BreadcrumbList\",\"@id\":\"https:\/\/drtmoldes.com\/politica-privacidade\/#breadcrumb\",\"itemListElement\":[{\"@type\":\"ListItem\",\"position\":1,\"name\":\"In\u00edcio\",\"item\":\"https:\/\/drtmoldes.com\/en\/\"},{\"@type\":\"ListItem\",\"position\":2,\"name\":\"Pol\u00edtica de Privacidade e Condi\u00e7\u00f5es de utiliza\u00e7\u00e3o\"}]},{\"@type\":\"WebSite\",\"@id\":\"https:\/\/drtmoldes.com\/en\/#website\",\"url\":\"https:\/\/drtmoldes.com\/en\/\",\"name\":\"DRTMoulds\",\"description\":\"Great things are made together\",\"potentialAction\":[{\"@type\":\"SearchAction\",\"target\":{\"@type\":\"EntryPoint\",\"urlTemplate\":\"https:\/\/drtmoldes.com\/en\/?s={search_term_string}\"},\"query-input\":\"required name=search_term_string\"}],\"inLanguage\":\"es\"}]}<\/script>\n<!-- \/ Yoast SEO plugin. -->","yoast_head_json":{"title":"[:pt]Pol\u00edtica de Privacidade e Condi\u00e7\u00f5es de utiliza\u00e7\u00e3o[:en]PRIVACY POLICY AND TERMS OF USE[:es]Pol\u00edtica de Privacidad y condiciones de Utilizaci\u00f3n[:ru]\u041f\u043e\u043b\u0438\u0442\u0438\u043a\u0430 \u043a\u043e\u043d\u0444\u0438\u0434\u0435\u043d\u0446\u0438\u0430\u043b\u044c\u043d\u043e\u0441\u0442\u0438 \u0438 \u0443\u0441\u043b\u043e\u0432\u0438\u044f \u0438\u0441\u043f\u043e\u043b\u044c\u0437\u043e\u0432\u0430\u043d\u0438\u044f[:de]PRIVACY POLICY AND TERMS OF USE[:] - DRTMoulds","robots":{"index":"index","follow":"follow","max-snippet":"max-snippet:-1","max-image-preview":"max-image-preview:large","max-video-preview":"max-video-preview:-1"},"canonical":"https:\/\/drtmoldes.com\/politica-privacidade\/","og_locale":"es_ES","og_type":"article","og_title":"[:pt]Pol\u00edtica de Privacidade e Condi\u00e7\u00f5es de utiliza\u00e7\u00e3o[:en]PRIVACY POLICY AND TERMS OF USE[:es]Pol\u00edtica de Privacidad y condiciones de Utilizaci\u00f3n[:ru]\u041f\u043e\u043b\u0438\u0442\u0438\u043a\u0430 \u043a\u043e\u043d\u0444\u0438\u0434\u0435\u043d\u0446\u0438\u0430\u043b\u044c\u043d\u043e\u0441\u0442\u0438 \u0438 \u0443\u0441\u043b\u043e\u0432\u0438\u044f \u0438\u0441\u043f\u043e\u043b\u044c\u0437\u043e\u0432\u0430\u043d\u0438\u044f[:de]PRIVACY POLICY AND TERMS OF USE[:] - DRTMoulds","og_description":"[vc_row][vc_column][vc_empty_space height=\u00bb120px\u00bb][\/vc_column][\/vc_row][vc_row][vc_column][vc_column_text] \u00bfQui\u00e9n somos? El Grupo DRT SGPS SA es una sociedad an\u00f3nima con domicilio en Rua dos Marinheiros, Lote 6 \u2013 N\u00ba 146, Zona Industrial Cova das Faias \u2013 Zicofa_ 2415-806 Marrazes \u2013 Leiria \u2013 Portugal con el c\u00f3digo de identificaci\u00f3n fiscal \u00a0\u00a0510 432 603 que integra las empresas DRT Molds, DRT Rapid, DRT...","og_url":"https:\/\/drtmoldes.com\/politica-privacidade\/","og_site_name":"DRTMoulds","article_modified_time":"2018-05-29T13:54:30+00:00","twitter_card":"summary_large_image","twitter_misc":{"Tiempo de lectura":"17 minutos"},"schema":{"@context":"https:\/\/schema.org","@graph":[{"@type":"WebPage","@id":"https:\/\/drtmoldes.com\/politica-privacidade\/","url":"https:\/\/drtmoldes.com\/politica-privacidade\/","name":"[:pt]Pol\u00edtica de Privacidade e Condi\u00e7\u00f5es de utiliza\u00e7\u00e3o[:en]PRIVACY POLICY AND TERMS OF USE[:es]Pol\u00edtica de Privacidad y condiciones de Utilizaci\u00f3n[:ru]\u041f\u043e\u043b\u0438\u0442\u0438\u043a\u0430 \u043a\u043e\u043d\u0444\u0438\u0434\u0435\u043d\u0446\u0438\u0430\u043b\u044c\u043d\u043e\u0441\u0442\u0438 \u0438 \u0443\u0441\u043b\u043e\u0432\u0438\u044f \u0438\u0441\u043f\u043e\u043b\u044c\u0437\u043e\u0432\u0430\u043d\u0438\u044f[:de]PRIVACY POLICY AND TERMS OF USE[:] - DRTMoulds","isPartOf":{"@id":"https:\/\/drtmoldes.com\/en\/#website"},"datePublished":"2018-05-25T14:43:05+00:00","dateModified":"2018-05-29T13:54:30+00:00","breadcrumb":{"@id":"https:\/\/drtmoldes.com\/politica-privacidade\/#breadcrumb"},"inLanguage":"es","potentialAction":[{"@type":"ReadAction","target":["https:\/\/drtmoldes.com\/politica-privacidade\/"]}]},{"@type":"BreadcrumbList","@id":"https:\/\/drtmoldes.com\/politica-privacidade\/#breadcrumb","itemListElement":[{"@type":"ListItem","position":1,"name":"In\u00edcio","item":"https:\/\/drtmoldes.com\/en\/"},{"@type":"ListItem","position":2,"name":"Pol\u00edtica de Privacidade e Condi\u00e7\u00f5es de utiliza\u00e7\u00e3o"}]},{"@type":"WebSite","@id":"https:\/\/drtmoldes.com\/en\/#website","url":"https:\/\/drtmoldes.com\/en\/","name":"DRTMoulds","description":"Great things are made together","potentialAction":[{"@type":"SearchAction","target":{"@type":"EntryPoint","urlTemplate":"https:\/\/drtmoldes.com\/en\/?s={search_term_string}"},"query-input":"required name=search_term_string"}],"inLanguage":"es"}]}},"_links":{"self":[{"href":"https:\/\/drtmoldes.com\/es\/wp-json\/wp\/v2\/pages\/1305","targetHints":{"allow":["GET"]}}],"collection":[{"href":"https:\/\/drtmoldes.com\/es\/wp-json\/wp\/v2\/pages"}],"about":[{"href":"https:\/\/drtmoldes.com\/es\/wp-json\/wp\/v2\/types\/page"}],"author":[{"embeddable":true,"href":"https:\/\/drtmoldes.com\/es\/wp-json\/wp\/v2\/users\/1"}],"replies":[{"embeddable":true,"href":"https:\/\/drtmoldes.com\/es\/wp-json\/wp\/v2\/comments?post=1305"}],"version-history":[{"count":11,"href":"https:\/\/drtmoldes.com\/es\/wp-json\/wp\/v2\/pages\/1305\/revisions"}],"predecessor-version":[{"id":1326,"href":"https:\/\/drtmoldes.com\/es\/wp-json\/wp\/v2\/pages\/1305\/revisions\/1326"}],"wp:attachment":[{"href":"https:\/\/drtmoldes.com\/es\/wp-json\/wp\/v2\/media?parent=1305"}],"curies":[{"name":"wp","href":"https:\/\/api.w.org\/{rel}","templated":true}]}}