{"id":83,"date":"2015-09-30T10:41:55","date_gmt":"2015-09-30T10:41:55","guid":{"rendered":"http:\/\/fuse.europadns.net\/?page_id=83"},"modified":"2019-11-21T09:44:25","modified_gmt":"2019-11-21T09:44:25","slug":"news","status":"publish","type":"page","link":"https:\/\/drtmoldes.com\/es\/news\/","title":{"rendered":"News"},"content":{"rendered":"<p>[vc_row css=\u00bb.vc_custom_1473425071958{margin-top: 40px !important;}\u00bb][vc_column][vc_empty_space height=\u00bb80px\u00bb]<div><div class='span4'><div class='post format-standard'><div class='post-thumbnail'><img src='https:\/\/drtmoldes.com\/wp-content\/uploads\/2020\/07\/DRT-noticia-visita-ministro-economia-pedro-siza-vieira-360x215.jpg' alt=''><\/div><div class='post-header'><h4 class='post-title'>\r\n\t<a rel='bookmark' href='https:\/\/drtmoldes.com\/es\/noticia-visita-ministro-economia\/'>Dr. Pedro Siza Vieira Visit the facilities of DRT Group<\/a><\/h4><span class='posted-on'>julio 9, 2020<\/span>\r\n\t<\/div><div class='post-content'><p>Visit of Dr. Pedro Siza Vieira, Minister of State, Economy and Digital Transition, to the facilities of the DRT group, on 8 July 2020.<\/p>\n<p><a class='more-link btn btn-grey' href='https:\/\/drtmoldes.com\/es\/noticia-visita-ministro-economia\/'>Leer Articulo<\/a><\/p><\/div><div class='post-footer'><\/div><\/div><\/div><div class='span4'><div class='post format-standard'><div class='post-thumbnail'><img src='https:\/\/drtmoldes.com\/wp-content\/uploads\/2020\/02\/noticia-entrevista-o-molde-drt-valdemar-duarte-min-360x215.jpg' alt=''><\/div><div class='post-header'><h4 class='post-title'>\r\n\t<a rel='bookmark' href='https:\/\/drtmoldes.com\/es\/noticia-entrevista-o-molde\/'>Entrevista \u201cO MOLDE\u201d<\/a><\/h4><span class='posted-on'>febrero 3, 2020<\/span>\r\n\t<\/div><div class='post-content'><p>Valdemar Duarte, CEO del Grupo DRT, aborda en entrevista para la revista \u201cO Molde\u201d, como impuls\u00f3 la gesti\u00f3n de fabrico de moldes con incorporaci\u00f3n del software SBI.<\/p>\n<p><a class='more-link btn btn-grey' href='https:\/\/drtmoldes.com\/es\/noticia-entrevista-o-molde\/'>Leer Articulo<\/a><\/p><\/div><div class='post-footer'><\/div><\/div><\/div><div class='span4'><div class='post format-standard'><div class='post-thumbnail'><img src='https:\/\/drtmoldes.com\/wp-content\/uploads\/2020\/02\/noticia-congresso-industria-dos-moldes-min-360x215.jpg' alt=''><\/div><div class='post-header'><h4 class='post-title'>\r\n\t<a rel='bookmark' href='https:\/\/drtmoldes.com\/es\/noticia-congresso-industria-dos-moldes\/'>X Congreso de la Industria de Moldes<\/a><\/h4><span class='posted-on'>noviembre 30, 2019<\/span>\r\n\t<\/div><div class='post-content'><p>El X Congreso para Industria de Moldes e Pl\u00e1sticos permiti\u00f3 reflexionar sobre el presente y preparar el futuro de un sector que se encuentra unido e determinado en enfrentar los principales desaf\u00edos.<\/p>\n<p><a class='more-link btn btn-grey' href='https:\/\/drtmoldes.com\/es\/noticia-congresso-industria-dos-moldes\/'>Leer Articulo<\/a><\/p><\/div><div class='post-footer'><\/div><\/div><\/div><div class='span4'><div class='post format-standard'><div class='post-thumbnail'><img src='https:\/\/drtmoldes.com\/wp-content\/uploads\/2019\/11\/DRT-melhores-empresas-regiao-de-leiria-min-360x215.jpg' alt=''><\/div><div class='post-header'><h4 class='post-title'>\r\n\t<a rel='bookmark' href='https:\/\/drtmoldes.com\/es\/250-melhores-empresas-leiria\/'>In the ranking for the best in its sector<\/a><\/h4><span class='posted-on'>noviembre 6, 2019<\/span>\r\n\t<\/div><div class='post-content'><p>DRT occupies de 5th place on the top 20 of the biggest export companies from the trade sector in  the region and is in the top 10 of the best companies in the municipality of Leiria.<\/p>\n<p><a class='more-link btn btn-grey' href='https:\/\/drtmoldes.com\/es\/250-melhores-empresas-leiria\/'>Leer Articulo<\/a><\/p><\/div><div class='post-footer'><\/div><\/div><\/div><div class='span4'><div class='post format-standard'><div class='post-thumbnail'><img src='https:\/\/drtmoldes.com\/wp-content\/uploads\/2019\/11\/open-shop-floor-cotec-drt-01-min-360x215.jpg' alt=''><\/div><div class='post-header'><h4 class='post-title'>\r\n\t<a rel='bookmark' href='https:\/\/drtmoldes.com\/es\/open-shop-floor-na-drt\/'>Open Shop Floor at DRT<\/a><\/h4><span class='posted-on'>octubre 24, 2019<\/span>\r\n\t<\/div><div class='post-content'><p>In the past october, 16\u00a0 took place in the DRT installations the Open Shop Floor, an event powered by COTEC Portugal and IAPMEI that integrate the government initiative \u201cIndustry 4.0\u201d. These sessions aim to address the way companies adopt the different concepts of this norm and promote the sharing of experiences among the various entities&#8230;<\/p>\n<p><a class='more-link btn btn-grey' href='https:\/\/drtmoldes.com\/es\/open-shop-floor-na-drt\/'>Leer Articulo<\/a><\/p><\/div><div class='post-footer'><\/div><\/div><\/div><div class='span4'><div class='post format-standard'><div class='post-thumbnail'><img src='https:\/\/drtmoldes.com\/wp-content\/uploads\/2019\/10\/DRT-Advance-Cotec-SBI-01-min-360x215.jpg' alt=''><\/div><div class='post-header'><h4 class='post-title'>\r\n\t<a rel='bookmark' href='https:\/\/drtmoldes.com\/es\/open-shop-floor-drt-rapid\/'>In the ranking for the best in its sector<\/a><\/h4><span class='posted-on'>octubre 7, 2019<\/span>\r\n\t<\/div><div class='post-content'><p>The next Open Shop Floor take place at October 16 at DRT Rapid. Registration until October 14th through the form. The audience of the event is limited and registrations are considered in order of arrival. Sign up on: https:\/\/bit.ly\/2OjBYAO &nbsp;<\/p>\n<p><a class='more-link btn btn-grey' href='https:\/\/drtmoldes.com\/es\/open-shop-floor-drt-rapid\/'>Leer Articulo<\/a><\/p><\/div><div class='post-footer'><\/div><\/div><\/div><div class='span4'><div class='post format-standard'><div class='post-thumbnail'><img src='https:\/\/drtmoldes.com\/wp-content\/uploads\/2019\/01\/250-melhores-Leiria-2-360x215.jpg' alt=''><\/div><div class='post-header'><h4 class='post-title'>\r\n\t<a rel='bookmark' href='https:\/\/drtmoldes.com\/es\/250-melhores-empresas-leiria-2018\/'>DRT Moldes entre las 5 mejores empresas de Leiria<\/a><\/h4><span class='posted-on'>enero 3, 2019<\/span>\r\n\t<\/div><div class='post-content'><p>El a\u00f1o 2018 fue sin duda marcado por desaf\u00edos, conquistas y victorias.<br \/>\nFinalizamos el a\u00f1o de la mejor forma, con la presencia de DRT Moldes entre las 5 mejores empresas.<\/p>\n<p><a class='more-link btn btn-grey' href='https:\/\/drtmoldes.com\/es\/250-melhores-empresas-leiria-2018\/'>Leer Articulo<\/a><\/p><\/div><div class='post-footer'><\/div><\/div><\/div><div class='span4'><div class='post format-standard'><div class='post-thumbnail'><img src='https:\/\/drtmoldes.com\/wp-content\/uploads\/2018\/07\/Leiria-in-2018-02-360x215.jpg' alt=''><\/div><div class='post-header'><h4 class='post-title'>\r\n\t<a rel='bookmark' href='https:\/\/drtmoldes.com\/es\/leiria-in-quinta-2018\/'>DRT En la 5\u00aa edici\u00f3n del Leiria-In<\/a><\/h4><span class='posted-on'>julio 19, 2018<\/span>\r\n\t<\/div><div class='post-content'><p>En el pasado d\u00eda 13 de Julio DRT recibi\u00f3\u00a0dos grupos de estudiantes de 5\u00aa\u00a0edici\u00f3n de la Academia de la Industria, Leiria-In. La visita en DRT, fue orientada por el gestor de proyecto Eduardo Ribeiro y pas\u00f3\u00a0por todo el proceso, desde la ligaci\u00f3n con cliente, design, ingenier\u00eda, metrolog\u00eda , finalizando con la fabricaci\u00f3n. En conjunto con&#8230;<\/p>\n<p><a class='more-link btn btn-grey' href='https:\/\/drtmoldes.com\/es\/leiria-in-quinta-2018\/'>Leer Articulo<\/a><\/p><\/div><div class='post-footer'><\/div><\/div><\/div><div class='span4'><div class='post format-standard'><div class='post-thumbnail'><img src='https:\/\/drtmoldes.com\/wp-content\/uploads\/2018\/06\/CML-insignia-prata-min-360x215.jpg' alt=''><\/div><div class='post-header'><h4 class='post-title'>\r\n\t<a rel='bookmark' href='https:\/\/drtmoldes.com\/es\/insignia-prata-cml\/'>S\u00f3nia Calado distinguida con la Insignia de Plata del Ayuntamiento de Leiria<\/a><\/h4><span class='posted-on'>junio 5, 2018<\/span>\r\n\t<\/div><div class='post-content'><p>El 22 de mayo, d\u00eda de la ciudad, el Ayuntamiento de Leiria distingui\u00f3, a ejemplo de los a\u00f1os anteriores, 12 personalidades por su contribuci\u00f3n en favor del desarrollo del municipio de Leiria. Fue con inmenso orgullo y sentido de compartir que S\u00f3nia Calado, administradora de DRT, recibi\u00f3 la Insignia de Plata por su \u00abcar\u00e1cter emprendedor&#8230;<\/p>\n<p><a class='more-link btn btn-grey' href='https:\/\/drtmoldes.com\/es\/insignia-prata-cml\/'>Leer Articulo<\/a><\/p><\/div><div class='post-footer'><\/div><\/div><\/div><div class='span4'><div class='post format-standard'><div class='post-thumbnail'><img src='https:\/\/drtmoldes.com\/wp-content\/uploads\/2018\/02\/Rotary-CLub-min-360x215.jpg' alt=''><\/div><div class='post-header'><h4 class='post-title'>\r\n\t<a rel='bookmark' href='https:\/\/drtmoldes.com\/es\/drt-rotary-club\/'>Rotary Club Visita DRT<\/a><\/h4><span class='posted-on'>febrero 6, 2018<\/span>\r\n\t<\/div><div class='post-content'><p>Fue con grande satisfacci\u00f3n que en el pasado d\u00eda 31 de Enero\u00a0 DRT y sus Administradores, Valdemar Duarte y S\u00f3nia Calado, recibieran la visita de la comitiva de Rotary Club Portugu\u00e9s.<\/p>\n<p><a class='more-link btn btn-grey' href='https:\/\/drtmoldes.com\/es\/drt-rotary-club\/'>Leer Articulo<\/a><\/p><\/div><div class='post-footer'><\/div><\/div><\/div><div class='span4'><div class='post format-standard'><div class='post-thumbnail'><img src='https:\/\/drtmoldes.com\/wp-content\/uploads\/2017\/11\/Exame-360x215.jpg' alt=''><\/div><div class='post-header'><h4 class='post-title'>\r\n\t<a rel='bookmark' href='https:\/\/drtmoldes.com\/es\/drt-100-melhores-empresas-2017\/'>DRT en las 100 mejores<\/a><\/h4><span class='posted-on'>octubre 24, 2017<\/span>\r\n\t<\/div><div class='post-content'><p>DRT fue distinguida como una de las 100 mejores empresas Portuguesas para trabajar por la Revista Exame. Gracias a todos los colaboradores<\/p>\n<p><a class='more-link btn btn-grey' href='https:\/\/drtmoldes.com\/es\/drt-100-melhores-empresas-2017\/'>Leer Articulo<\/a><\/p><\/div><div class='post-footer'><\/div><\/div><\/div><div class='span4'><div class='post format-standard'><div class='post-thumbnail'><img src='https:\/\/drtmoldes.com\/wp-content\/uploads\/2017\/06\/DRT_00_-360x215.jpg' alt=''><\/div><div class='post-header'><h4 class='post-title'>\r\n\t<a rel='bookmark' href='https:\/\/drtmoldes.com\/es\/drt-moulding-expo-2017\/'>DRT EN LA MOULDING EXPO 2017<\/a><\/h4><span class='posted-on'>junio 2, 2017<\/span>\r\n\t<\/div><div class='post-content'><p>DRT Moulds estuvo presente en la Expo Moulding que se realiz\u00f3 en STUTTGART, de 30\u00a0de Mayo a 2 de Junio de 2017.<\/p>\n<p><a class='more-link btn btn-grey' href='https:\/\/drtmoldes.com\/es\/drt-moulding-expo-2017\/'>Leer Articulo<\/a><\/p><\/div><div class='post-footer'><\/div><\/div><\/div><div class='span4'><div class='post format-standard'><div class='post-thumbnail'><img src='https:\/\/drtmoldes.com\/wp-content\/uploads\/2017\/04\/PME-360x215.jpg' alt=''><\/div><div class='post-header'><h4 class='post-title'>\r\n\t<a rel='bookmark' href='https:\/\/drtmoldes.com\/es\/exame-pme-lider\/'>Examen PME L\u00edder<\/a><\/h4><span class='posted-on'>abril 10, 2017<\/span>\r\n\t<\/div><div class='post-content'><p>DRT Moldes como una de las empresas de destaque en el sector industrial en la \u201cRevista Examen PME L\u00edder\u201d. Ver Publicaci\u00f3n<\/p>\n<p><a class='more-link btn btn-grey' href='https:\/\/drtmoldes.com\/es\/exame-pme-lider\/'>Leer Articulo<\/a><\/p><\/div><div class='post-footer'><\/div><\/div><\/div><div class='span4'><div class='post format-standard'><div class='post-thumbnail'><img src='https:\/\/drtmoldes.com\/wp-content\/uploads\/2017\/04\/formacaoVW-360x215.jpg' alt=''><\/div><div class='post-header'><h4 class='post-title'>\r\n\t<a rel='bookmark' href='https:\/\/drtmoldes.com\/es\/drt-fomenta-o-conhecimento\/'>DRT Fomenta el conocimiento<\/a><\/h4><span class='posted-on'>abril 3, 2017<\/span>\r\n\t<\/div><div class='post-content'><p>A VW Autoeuropa, representada pela sua divis\u00e3o de compras KTM, reconheceu uma vez mais a DRT como o parceiro ideal para a realiza\u00e7\u00e3o de uma forma\u00e7\u00e3o t\u00e9cnica sobre Tecnologias de Inje\u00e7\u00e3o de Moldes &#8211; N\u00edvel Avan\u00e7ado.<\/p>\n<p><a class='more-link btn btn-grey' href='https:\/\/drtmoldes.com\/es\/drt-fomenta-o-conhecimento\/'>Leer Articulo<\/a><\/p><\/div><div class='post-footer'><\/div><\/div><\/div><div class='span4'><div class='post format-standard'><div class='post-thumbnail'><img src='https:\/\/drtmoldes.com\/wp-content\/uploads\/2015\/09\/AIP-360x215.jpg' alt=''><\/div><div class='post-header'><h4 class='post-title'>\r\n\t<a rel='bookmark' href='https:\/\/drtmoldes.com\/es\/aip-drt\/'>AIP VISITA DRT<\/a><\/h4><span class='posted-on'>octubre 14, 2016<\/span>\r\n\t<\/div><div class='post-content'><p>Fue con grande satisfacci\u00f3n que DRT Moldes y sus Administradores Valdemar Duarte y Sonia Calado, recibieran en el pasado d\u00eda 13 de Octubre en las instalaciones de DRT la visita da AIP, Asociaci\u00f3n Industrial Portuguesa.<\/p>\n<p><a class='more-link btn btn-grey' href='https:\/\/drtmoldes.com\/es\/aip-drt\/'>Leer Articulo<\/a><\/p><\/div><div class='post-footer'><\/div><\/div><\/div><div class='span4'><div class='post format-standard'><div class='post-thumbnail'><img src='https:\/\/drtmoldes.com\/wp-content\/uploads\/2015\/09\/certificado-1-360x215.png' alt=''><\/div><div class='post-header'><h4 class='post-title'>\r\n\t<a rel='bookmark' href='https:\/\/drtmoldes.com\/es\/pme-2015\/'>DRT MOLDES RENOVA ESTATUTO PME LIDER 2016<\/a><\/h4><span class='posted-on'>agosto 18, 2016<\/span>\r\n\t<\/div><div class='post-content'><p>DRT Moldes obtuvo la renovaci\u00f3n del Estatuto de PME L\u00edder 2016, atribuido en el \u00e1mbito del Programa FINCRESCE del IAPMEI, que distingue empresas nacionales con perfiles de desempe\u00f1o superiores.<\/p>\n<p><a class='more-link btn btn-grey' href='https:\/\/drtmoldes.com\/es\/pme-2015\/'>Leer Articulo<\/a><\/p><\/div><div class='post-footer'><\/div><\/div><\/div><div class='span4'><div class='post format-standard'><div class='post-thumbnail'><img src='https:\/\/drtmoldes.com\/wp-content\/uploads\/2015\/09\/DRT_01-360x215.jpg' alt=''><\/div><div class='post-header'><h4 class='post-title'>\r\n\t<a rel='bookmark' href='https:\/\/drtmoldes.com\/es\/expo-2015\/'>DRT EN LA MOULDING EXPO 2015<\/a><\/h4><span class='posted-on'>mayo 10, 2015<\/span>\r\n\t<\/div><div class='post-content'><p>DRT Moulds &amp; Plastics estuvo presente en la Expo MOULDING que se realiz\u00f3 en STUTTGART, de 5 a 8 de Mayo de 2015.<\/p>\n<p><a class='more-link btn btn-grey' href='https:\/\/drtmoldes.com\/es\/expo-2015\/'>Leer Articulo<\/a><\/p><\/div><div class='post-footer'><\/div><\/div><\/div><\/div>[\/vc_column][\/vc_row]<\/p>\n","protected":false},"excerpt":{"rendered":"<p>[vc_row css=\u00bb.vc_custom_1473425071958{margin-top: 40px !important;}\u00bb][vc_column][vc_empty_space height=\u00bb80px\u00bb][\/vc_column][\/vc_row]<\/p>\n","protected":false},"author":1,"featured_media":0,"parent":0,"menu_order":0,"comment_status":"closed","ping_status":"closed","template":"","meta":{"_mi_skip_tracking":false,"footnotes":""},"class_list":["post-83","page","type-page","status-publish","hentry"],"yoast_head":"<!-- This site is optimized with the Yoast SEO plugin v20.3 - https:\/\/yoast.com\/wordpress\/plugins\/seo\/ -->\n<title>News - DRTMoulds<\/title>\n<meta name=\"robots\" content=\"index, follow, max-snippet:-1, max-image-preview:large, max-video-preview:-1\" \/>\n<link rel=\"canonical\" href=\"https:\/\/drtmoldes.com\/ru\/news\/\" \/>\n<meta property=\"og:locale\" content=\"es_ES\" \/>\n<meta property=\"og:type\" content=\"article\" \/>\n<meta property=\"og:title\" content=\"News - DRTMoulds\" \/>\n<meta property=\"og:description\" content=\"[vc_row css=\u00bb.vc_custom_1473425071958{margin-top: 40px !important;}\u00bb][vc_column][vc_empty_space height=\u00bb80px\u00bb][\/vc_column][\/vc_row]\" \/>\n<meta property=\"og:url\" content=\"https:\/\/drtmoldes.com\/ru\/news\/\" \/>\n<meta property=\"og:site_name\" content=\"DRTMoulds\" \/>\n<meta property=\"article:modified_time\" content=\"2019-11-21T09:44:25+00:00\" \/>\n<meta name=\"twitter:card\" content=\"summary_large_image\" \/>\n<script type=\"application\/ld+json\" class=\"yoast-schema-graph\">{\"@context\":\"https:\/\/schema.org\",\"@graph\":[{\"@type\":\"WebPage\",\"@id\":\"https:\/\/drtmoldes.com\/ru\/news\/\",\"url\":\"https:\/\/drtmoldes.com\/ru\/news\/\",\"name\":\"News - DRTMoulds\",\"isPartOf\":{\"@id\":\"https:\/\/drtmoldes.com\/en\/#website\"},\"datePublished\":\"2015-09-30T10:41:55+00:00\",\"dateModified\":\"2019-11-21T09:44:25+00:00\",\"breadcrumb\":{\"@id\":\"https:\/\/drtmoldes.com\/ru\/news\/#breadcrumb\"},\"inLanguage\":\"es\",\"potentialAction\":[{\"@type\":\"ReadAction\",\"target\":[\"https:\/\/drtmoldes.com\/ru\/news\/\"]}]},{\"@type\":\"BreadcrumbList\",\"@id\":\"https:\/\/drtmoldes.com\/ru\/news\/#breadcrumb\",\"itemListElement\":[{\"@type\":\"ListItem\",\"position\":1,\"name\":\"In\u00edcio\",\"item\":\"https:\/\/drtmoldes.com\/en\/\"},{\"@type\":\"ListItem\",\"position\":2,\"name\":\"News\"}]},{\"@type\":\"WebSite\",\"@id\":\"https:\/\/drtmoldes.com\/en\/#website\",\"url\":\"https:\/\/drtmoldes.com\/en\/\",\"name\":\"DRTMoulds\",\"description\":\"Great things are made together\",\"potentialAction\":[{\"@type\":\"SearchAction\",\"target\":{\"@type\":\"EntryPoint\",\"urlTemplate\":\"https:\/\/drtmoldes.com\/en\/?s={search_term_string}\"},\"query-input\":\"required name=search_term_string\"}],\"inLanguage\":\"es\"}]}<\/script>\n<!-- \/ Yoast SEO plugin. -->","yoast_head_json":{"title":"News - DRTMoulds","robots":{"index":"index","follow":"follow","max-snippet":"max-snippet:-1","max-image-preview":"max-image-preview:large","max-video-preview":"max-video-preview:-1"},"canonical":"https:\/\/drtmoldes.com\/ru\/news\/","og_locale":"es_ES","og_type":"article","og_title":"News - DRTMoulds","og_description":"[vc_row css=\u00bb.vc_custom_1473425071958{margin-top: 40px !important;}\u00bb][vc_column][vc_empty_space height=\u00bb80px\u00bb][\/vc_column][\/vc_row]","og_url":"https:\/\/drtmoldes.com\/ru\/news\/","og_site_name":"DRTMoulds","article_modified_time":"2019-11-21T09:44:25+00:00","twitter_card":"summary_large_image","schema":{"@context":"https:\/\/schema.org","@graph":[{"@type":"WebPage","@id":"https:\/\/drtmoldes.com\/ru\/news\/","url":"https:\/\/drtmoldes.com\/ru\/news\/","name":"News - DRTMoulds","isPartOf":{"@id":"https:\/\/drtmoldes.com\/en\/#website"},"datePublished":"2015-09-30T10:41:55+00:00","dateModified":"2019-11-21T09:44:25+00:00","breadcrumb":{"@id":"https:\/\/drtmoldes.com\/ru\/news\/#breadcrumb"},"inLanguage":"es","potentialAction":[{"@type":"ReadAction","target":["https:\/\/drtmoldes.com\/ru\/news\/"]}]},{"@type":"BreadcrumbList","@id":"https:\/\/drtmoldes.com\/ru\/news\/#breadcrumb","itemListElement":[{"@type":"ListItem","position":1,"name":"In\u00edcio","item":"https:\/\/drtmoldes.com\/en\/"},{"@type":"ListItem","position":2,"name":"News"}]},{"@type":"WebSite","@id":"https:\/\/drtmoldes.com\/en\/#website","url":"https:\/\/drtmoldes.com\/en\/","name":"DRTMoulds","description":"Great things are made together","potentialAction":[{"@type":"SearchAction","target":{"@type":"EntryPoint","urlTemplate":"https:\/\/drtmoldes.com\/en\/?s={search_term_string}"},"query-input":"required name=search_term_string"}],"inLanguage":"es"}]}},"_links":{"self":[{"href":"https:\/\/drtmoldes.com\/es\/wp-json\/wp\/v2\/pages\/83","targetHints":{"allow":["GET"]}}],"collection":[{"href":"https:\/\/drtmoldes.com\/es\/wp-json\/wp\/v2\/pages"}],"about":[{"href":"https:\/\/drtmoldes.com\/es\/wp-json\/wp\/v2\/types\/page"}],"author":[{"embeddable":true,"href":"https:\/\/drtmoldes.com\/es\/wp-json\/wp\/v2\/users\/1"}],"replies":[{"embeddable":true,"href":"https:\/\/drtmoldes.com\/es\/wp-json\/wp\/v2\/comments?post=83"}],"version-history":[{"count":18,"href":"https:\/\/drtmoldes.com\/es\/wp-json\/wp\/v2\/pages\/83\/revisions"}],"predecessor-version":[{"id":43585,"href":"https:\/\/drtmoldes.com\/es\/wp-json\/wp\/v2\/pages\/83\/revisions\/43585"}],"wp:attachment":[{"href":"https:\/\/drtmoldes.com\/es\/wp-json\/wp\/v2\/media?parent=83"}],"curies":[{"name":"wp","href":"https:\/\/api.w.org\/{rel}","templated":true}]}}